{"id":12507,"date":"2017-04-25T14:14:39","date_gmt":"2017-04-25T13:14:39","guid":{"rendered":"https:\/\/walsteadgroup.wpengine.com\/?page_id=12507"},"modified":"2019-04-09T09:48:24","modified_gmt":"2019-04-09T08:48:24","slug":"customer-benefits-of-one-walstead","status":"publish","type":"page","link":"https:\/\/www.walstead-group.com\/cs\/customer-benefits-of-one-walstead\/","title":{"rendered":"Customer Benefits of &#8222;One Walstead&#8220;"},"content":{"rendered":"<p>[vc_row][vc_column][vc_empty_space height=&#8220;125px&#8220;]<div class=\" size-lg alignCenter clearfix\"><h1 class=\"main-title title uppercase normal-title size-lg alignCenter line-style1 \"   >Performance commitment - top quality - trusted relationships<\/h1><\/div>[vc_empty_space height=&#8220;20px&#8220;][\/vc_column][\/vc_row][vc_row full_width=&#8220;stretch_row&#8220; css=&#8220;.vc_custom_1493329104301{padding-bottom: 0px !important;background-color: #ffffff !important;}&#8220;][vc_column css=&#8220;.vc_custom_1462179531134{padding-top: 0px !important;}&#8220;][vc_empty_space][\/vc_column][\/vc_row][vc_row full_width=&#8220;stretch_row&#8220; css=&#8220;.vc_custom_1462179772338{padding-top: 0px !important;padding-bottom: 0px !important;background-color: #ffffff !important;}&#8220;][vc_column width=&#8220;1\/3&#8243; css=&#8220;.vc_custom_1462179531134{padding-top: 0px !important;}&#8220;][vc_single_image image=&#8220;12510&#8243; img_size=&#8220;full&#8220;][vc_empty_space height=&#8220;30px&#8220;][\/vc_column][vc_column width=&#8220;2\/3&#8243; css=&#8220;.vc_custom_1462179537927{padding-top: 0px !important;}&#8220;][vc_empty_space height=&#8220;10px&#8220;]<div id=\"ultimate-heading-896669e733a020881\" class=\"uvc-heading ult-adjust-bottom-margin ultimate-heading-896669e733a020881 uvc-9504 ts-line-left\" data-hspacer=\"line_only\"  data-halign=\"left\" style=\"text-align:left\"><div class=\"uvc-main-heading ult-responsive\"  data-ultimate-target='.uvc-heading.ultimate-heading-896669e733a020881 h4'  data-responsive-json-new='{\"font-size\":\"desktop:21px;\",\"line-height\":\"\"}' ><h4 style=\"font-family:&#039;Poppins&#039;;font-weight:500;color:#333333;margin-bottom:18px;\">\u2022 Reliability due to size (15 production sites \/ with 65 web offset printing and 4 gravure printing presses)<\/h4><\/div><div class=\"uvc-heading-spacer line_only\" style=\"topheight:2px;\"><span class=\"uvc-headings-line\" style=\"border-style:solid;border-bottom-width:2px;border-color:#07a1e2;width:60px;\"><\/span><\/div><\/div>[vc_empty_space height=&#8220;30px&#8220;]<div id=\"ultimate-heading-733969e733a0208bf\" class=\"uvc-heading ult-adjust-bottom-margin ultimate-heading-733969e733a0208bf uvc-6350 ts-line-left\" data-hspacer=\"line_only\"  data-halign=\"left\" style=\"text-align:left\"><div class=\"uvc-main-heading ult-responsive\"  data-ultimate-target='.uvc-heading.ultimate-heading-733969e733a0208bf h4'  data-responsive-json-new='{\"font-size\":\"desktop:21px;\",\"line-height\":\"\"}' ><h4 style=\"font-family:&#039;Poppins&#039;;font-weight:500;color:#333333;margin-bottom:18px;\">\u2022 Highest flexibility due to largest variety of offset printing presses in Europe<\/h4><\/div><div class=\"uvc-heading-spacer line_only\" style=\"topheight:2px;\"><span class=\"uvc-headings-line\" style=\"border-style:solid;border-bottom-width:2px;border-color:#07a1e2;width:60px;\"><\/span><\/div><\/div>[vc_empty_space height=&#8220;30px&#8220;]<div id=\"ultimate-heading-133669e733a0208e5\" class=\"uvc-heading ult-adjust-bottom-margin ultimate-heading-133669e733a0208e5 uvc-2726 ts-line-left\" data-hspacer=\"line_only\"  data-halign=\"left\" style=\"text-align:left\"><div class=\"uvc-main-heading ult-responsive\"  data-ultimate-target='.uvc-heading.ultimate-heading-133669e733a0208e5 h4'  data-responsive-json-new='{\"font-size\":\"desktop:21px;\",\"line-height\":\"\"}' ><h4 style=\"font-family:&#039;Poppins&#039;;font-weight:500;color:#333333;margin-bottom:18px;\">\u2022 Best qualified employees (3700 well-trained experts)<\/h4><\/div><div class=\"uvc-heading-spacer line_only\" style=\"topheight:2px;\"><span class=\"uvc-headings-line\" style=\"border-style:solid;border-bottom-width:2px;border-color:#07a1e2;width:60px;\"><\/span><\/div><\/div>[\/vc_column][\/vc_row][vc_row full_width=&#8220;stretch_row&#8220; css=&#8220;.vc_custom_1462180923219{padding-top: 80px !important;padding-bottom: 80px !important;background-color: #ffffff !important;}&#8220;][vc_column css=&#8220;.vc_custom_1462180738166{padding-top: 0px !important;}&#8220;][vc_separator color=&#8220;custom&#8220; accent_color=&#8220;#e0e0e0&#8243; css=&#8220;.vc_custom_1462180817675{margin-top: 0px !important;margin-bottom: 0px !important;padding-top: 0px !important;padding-bottom: 0px !important;}&#8220;][\/vc_column][\/vc_row][vc_row full_width=&#8220;stretch_row&#8220; css=&#8220;.vc_custom_1518591683468{padding-top: 0px !important;padding-bottom: 0px !important;background-color: #ffffff !important;}&#8220;][vc_column width=&#8220;2\/3&#8243; css=&#8220;.vc_custom_1462179531134{padding-top: 0px !important;}&#8220;][vc_empty_space height=&#8220;10px&#8220;]<div id=\"ultimate-heading-213169e733a020906\" class=\"uvc-heading ult-adjust-bottom-margin ultimate-heading-213169e733a020906 uvc-2579 ts-line-left\" data-hspacer=\"line_only\"  data-halign=\"left\" style=\"text-align:left\"><div class=\"uvc-main-heading ult-responsive\"  data-ultimate-target='.uvc-heading.ultimate-heading-213169e733a020906 h4'  data-responsive-json-new='{\"font-size\":\"desktop:21px;\",\"line-height\":\"\"}' ><h4 style=\"font-family:&#039;Poppins&#039;;font-weight:500;color:#333333;margin-bottom:18px;\">\u2022 We ensure ISO standards are met<\/h4><\/div><div class=\"uvc-heading-spacer line_only\" style=\"topheight:2px;\"><span class=\"uvc-headings-line\" style=\"border-style:solid;border-bottom-width:2px;border-color:#07a1e2;width:60px;\"><\/span><\/div><\/div>[vc_empty_space height=&#8220;30px&#8220;]<div id=\"ultimate-heading-378169e733a020929\" class=\"uvc-heading ult-adjust-bottom-margin ultimate-heading-378169e733a020929 uvc-466 ts-line-left\" data-hspacer=\"line_only\"  data-halign=\"left\" style=\"text-align:left\"><div class=\"uvc-main-heading ult-responsive\"  data-ultimate-target='.uvc-heading.ultimate-heading-378169e733a020929 h4'  data-responsive-json-new='{\"font-size\":\"desktop:21px;\",\"line-height\":\"\"}' ><h4 style=\"font-family:&#039;Poppins&#039;;font-weight:500;color:#333333;margin-bottom:18px;\">\u2022 We provide a comprehensive product portfolio<\/h4><\/div><div class=\"uvc-heading-spacer line_only\" style=\"topheight:2px;\"><span class=\"uvc-headings-line\" style=\"border-style:solid;border-bottom-width:2px;border-color:#07a1e2;width:60px;\"><\/span><\/div><\/div>[vc_empty_space height=&#8220;30px&#8220;]<div id=\"ultimate-heading-717869e733a020947\" class=\"uvc-heading ult-adjust-bottom-margin ultimate-heading-717869e733a020947 uvc-5132 ts-line-left\" data-hspacer=\"line_only\"  data-halign=\"left\" style=\"text-align:left\"><div class=\"uvc-main-heading ult-responsive\"  data-ultimate-target='.uvc-heading.ultimate-heading-717869e733a020947 h4'  data-responsive-json-new='{\"font-size\":\"desktop:21px;\",\"line-height\":\"\"}' ><h4 style=\"font-family:&#039;Poppins&#039;;font-weight:500;color:#333333;margin-bottom:18px;\">\u2022 We offer a cross-European key account system.<\/h4><\/div><div class=\"uvc-heading-spacer line_only\" style=\"topheight:2px;\"><span class=\"uvc-headings-line\" style=\"border-style:solid;border-bottom-width:2px;border-color:#07a1e2;width:60px;\"><\/span><\/div><\/div>[vc_empty_space height=&#8220;30px&#8220;][\/vc_column][vc_column width=&#8220;1\/3&#8243; css=&#8220;.vc_custom_1462179537927{padding-top: 0px !important;}&#8220;][vc_single_image image=&#8220;12563&#8243; img_size=&#8220;full&#8220;][vc_empty_space height=&#8220;30px&#8220;][\/vc_column][\/vc_row]<\/p>\n","protected":false},"excerpt":{"rendered":"<p>[vc_row][vc_column][vc_empty_space height=&#8220;125px&#8220;][vc_empty_space height=&#8220;20px&#8220;][\/vc_column][\/vc_row][vc_row full_width=&#8220;stretch_row&#8220; css=&#8220;.vc_custom_1493329104301{padding-bottom: 0px !important;background-color: #ffffff !important;}&#8220;][vc_column css=&#8220;.vc_custom_1462179531134{padding-top: 0px !important;}&#8220;][vc_empty_space][\/vc_column][\/vc_row][vc_row full_width=&#8220;stretch_row&#8220; css=&#8220;.vc_custom_1462179772338{padding-top: 0px !important;padding-bottom: 0px !important;background-color: #ffffff !important;}&#8220;][vc_column width=&#8220;1\/3&#8243; css=&#8220;.vc_custom_1462179531134{padding-top: 0px !important;}&#8220;][vc_single_image image=&#8220;12510&#8243; img_size=&#8220;full&#8220;][vc_empty_space height=&#8220;30px&#8220;][\/vc_column][vc_column width=&#8220;2\/3&#8243; css=&#8220;.vc_custom_1462179537927{padding-top: 0px !important;}&#8220;][vc_empty_space height=&#8220;10px&#8220;][vc_empty_space height=&#8220;30px&#8220;][vc_empty_space height=&#8220;30px&#8220;][\/vc_column][\/vc_row][vc_row full_width=&#8220;stretch_row&#8220; css=&#8220;.vc_custom_1462180923219{padding-top: 80px !important;padding-bottom: 80px !important;background-color:&#8230;<\/p>\n","protected":false},"author":1,"featured_media":12510,"parent":0,"menu_order":0,"comment_status":"closed","ping_status":"closed","template":"","meta":{"footnotes":""},"categories":[1],"tags":[],"class_list":["post-12507","page","type-page","status-publish","has-post-thumbnail","hentry","category-group-facts"],"yoast_head":"<!-- This site is optimized with the Yoast SEO plugin v27.4 - https:\/\/yoast.com\/product\/yoast-seo-wordpress\/ -->\n<title>(English) High volume printing services in Europe - Walstead Group<\/title>\n<meta name=\"description\" content=\"(English) 2,300 customers in 15 countries \u2730 promotional flyers, catalogues, brochures, magazines, supplements \u2192 pan-European delivery\" \/>\n<meta name=\"robots\" content=\"index, follow, max-snippet:-1, max-image-preview:large, max-video-preview:-1\" \/>\n<link rel=\"canonical\" href=\"https:\/\/www.walstead-group.com\/de\/customer-benefits-of-one-walstead\/\" \/>\n<meta property=\"og:locale\" content=\"cs_CZ\" \/>\n<meta property=\"og:type\" content=\"article\" \/>\n<meta property=\"og:title\" content=\"(English) High volume printing services in Europe - Walstead Group\" \/>\n<meta property=\"og:description\" content=\"(English) 2,300 customers in 15 countries \u2730 promotional flyers, catalogues, brochures, magazines, supplements \u2192 pan-European delivery\" \/>\n<meta property=\"og:url\" content=\"https:\/\/www.walstead-group.com\/de\/customer-benefits-of-one-walstead\/\" \/>\n<meta property=\"og:site_name\" content=\"Walstead Group\" \/>\n<meta property=\"article:modified_time\" content=\"2019-04-09T08:48:24+00:00\" \/>\n<meta property=\"og:image\" content=\"https:\/\/walsteadgroup.s3.eu-west-1.amazonaws.com\/wp-content\/uploads\/2017\/04\/09111627\/Ddrucker_4_A9R2433375.jpg\" \/>\n\t<meta property=\"og:image:width\" content=\"1113\" \/>\n\t<meta property=\"og:image:height\" content=\"731\" \/>\n\t<meta property=\"og:image:type\" content=\"image\/jpeg\" \/>\n<meta name=\"twitter:card\" content=\"summary_large_image\" \/>\n<meta name=\"twitter:label1\" content=\"Odhadovan\u00e1 doba \u010dten\u00ed\" \/>\n\t<meta name=\"twitter:data1\" content=\"4 minuty\" \/>\n<script type=\"application\/ld+json\" class=\"yoast-schema-graph\">{\"@context\":\"https:\\\/\\\/schema.org\",\"@graph\":[{\"@type\":\"WebPage\",\"@id\":\"https:\\\/\\\/www.walstead-group.com\\\/de\\\/customer-benefits-of-one-walstead\\\/\",\"url\":\"https:\\\/\\\/www.walstead-group.com\\\/de\\\/customer-benefits-of-one-walstead\\\/\",\"name\":\"(English) High volume printing services in Europe - Walstead Group\",\"isPartOf\":{\"@id\":\"https:\\\/\\\/www.walstead-group.com\\\/#website\"},\"primaryImageOfPage\":{\"@id\":\"https:\\\/\\\/www.walstead-group.com\\\/de\\\/customer-benefits-of-one-walstead\\\/#primaryimage\"},\"image\":{\"@id\":\"https:\\\/\\\/www.walstead-group.com\\\/de\\\/customer-benefits-of-one-walstead\\\/#primaryimage\"},\"thumbnailUrl\":\"https:\\\/\\\/www.walstead-group.com\\\/wp-content\\\/uploads\\\/2017\\\/04\\\/Ddrucker_4_A9R2433375.jpg\",\"datePublished\":\"2017-04-25T13:14:39+00:00\",\"dateModified\":\"2019-04-09T08:48:24+00:00\",\"description\":\"(English) 2,300 customers in 15 countries \u2730 promotional flyers, catalogues, brochures, magazines, supplements \u2192 pan-European delivery\",\"breadcrumb\":{\"@id\":\"https:\\\/\\\/www.walstead-group.com\\\/de\\\/customer-benefits-of-one-walstead\\\/#breadcrumb\"},\"inLanguage\":\"cs\",\"potentialAction\":[{\"@type\":\"ReadAction\",\"target\":[\"https:\\\/\\\/www.walstead-group.com\\\/de\\\/customer-benefits-of-one-walstead\\\/\"]}]},{\"@type\":\"ImageObject\",\"inLanguage\":\"cs\",\"@id\":\"https:\\\/\\\/www.walstead-group.com\\\/de\\\/customer-benefits-of-one-walstead\\\/#primaryimage\",\"url\":\"https:\\\/\\\/www.walstead-group.com\\\/wp-content\\\/uploads\\\/2017\\\/04\\\/Ddrucker_4_A9R2433375.jpg\",\"contentUrl\":\"https:\\\/\\\/www.walstead-group.com\\\/wp-content\\\/uploads\\\/2017\\\/04\\\/Ddrucker_4_A9R2433375.jpg\",\"width\":1113,\"height\":731},{\"@type\":\"BreadcrumbList\",\"@id\":\"https:\\\/\\\/www.walstead-group.com\\\/de\\\/customer-benefits-of-one-walstead\\\/#breadcrumb\",\"itemListElement\":[{\"@type\":\"ListItem\",\"position\":1,\"name\":\"Startseite\",\"item\":\"https:\\\/\\\/www.walstead-group.com\\\/\"},{\"@type\":\"ListItem\",\"position\":2,\"name\":\"Customer Benefits of &#8222;One Walstead&#8220;\"}]},{\"@type\":\"WebSite\",\"@id\":\"https:\\\/\\\/www.walstead-group.com\\\/#website\",\"url\":\"https:\\\/\\\/www.walstead-group.com\\\/\",\"name\":\"Walstead Group\",\"description\":\"(English) Web offset printing for Europe\",\"potentialAction\":[{\"@type\":\"SearchAction\",\"target\":{\"@type\":\"EntryPoint\",\"urlTemplate\":\"https:\\\/\\\/www.walstead-group.com\\\/?s={search_term_string}\"},\"query-input\":{\"@type\":\"PropertyValueSpecification\",\"valueRequired\":true,\"valueName\":\"search_term_string\"}}],\"inLanguage\":\"cs\"}]}<\/script>\n<!-- \/ Yoast SEO plugin. -->","yoast_head_json":{"title":"(English) High volume printing services in Europe - Walstead Group","description":"(English) 2,300 customers in 15 countries \u2730 promotional flyers, catalogues, brochures, magazines, supplements \u2192 pan-European delivery","robots":{"index":"index","follow":"follow","max-snippet":"max-snippet:-1","max-image-preview":"max-image-preview:large","max-video-preview":"max-video-preview:-1"},"canonical":"https:\/\/www.walstead-group.com\/de\/customer-benefits-of-one-walstead\/","og_locale":"cs_CZ","og_type":"article","og_title":"(English) High volume printing services in Europe - Walstead Group","og_description":"(English) 2,300 customers in 15 countries \u2730 promotional flyers, catalogues, brochures, magazines, supplements \u2192 pan-European delivery","og_url":"https:\/\/www.walstead-group.com\/de\/customer-benefits-of-one-walstead\/","og_site_name":"Walstead Group","article_modified_time":"2019-04-09T08:48:24+00:00","og_image":[{"width":1113,"height":731,"url":"https:\/\/walsteadgroup.s3.eu-west-1.amazonaws.com\/wp-content\/uploads\/2017\/04\/09111627\/Ddrucker_4_A9R2433375.jpg","type":"image\/jpeg"}],"twitter_card":"summary_large_image","twitter_misc":{"Odhadovan\u00e1 doba \u010dten\u00ed":"4 minuty"},"schema":{"@context":"https:\/\/schema.org","@graph":[{"@type":"WebPage","@id":"https:\/\/www.walstead-group.com\/de\/customer-benefits-of-one-walstead\/","url":"https:\/\/www.walstead-group.com\/de\/customer-benefits-of-one-walstead\/","name":"(English) High volume printing services in Europe - Walstead Group","isPartOf":{"@id":"https:\/\/www.walstead-group.com\/#website"},"primaryImageOfPage":{"@id":"https:\/\/www.walstead-group.com\/de\/customer-benefits-of-one-walstead\/#primaryimage"},"image":{"@id":"https:\/\/www.walstead-group.com\/de\/customer-benefits-of-one-walstead\/#primaryimage"},"thumbnailUrl":"https:\/\/www.walstead-group.com\/wp-content\/uploads\/2017\/04\/Ddrucker_4_A9R2433375.jpg","datePublished":"2017-04-25T13:14:39+00:00","dateModified":"2019-04-09T08:48:24+00:00","description":"(English) 2,300 customers in 15 countries \u2730 promotional flyers, catalogues, brochures, magazines, supplements \u2192 pan-European delivery","breadcrumb":{"@id":"https:\/\/www.walstead-group.com\/de\/customer-benefits-of-one-walstead\/#breadcrumb"},"inLanguage":"cs","potentialAction":[{"@type":"ReadAction","target":["https:\/\/www.walstead-group.com\/de\/customer-benefits-of-one-walstead\/"]}]},{"@type":"ImageObject","inLanguage":"cs","@id":"https:\/\/www.walstead-group.com\/de\/customer-benefits-of-one-walstead\/#primaryimage","url":"https:\/\/www.walstead-group.com\/wp-content\/uploads\/2017\/04\/Ddrucker_4_A9R2433375.jpg","contentUrl":"https:\/\/www.walstead-group.com\/wp-content\/uploads\/2017\/04\/Ddrucker_4_A9R2433375.jpg","width":1113,"height":731},{"@type":"BreadcrumbList","@id":"https:\/\/www.walstead-group.com\/de\/customer-benefits-of-one-walstead\/#breadcrumb","itemListElement":[{"@type":"ListItem","position":1,"name":"Startseite","item":"https:\/\/www.walstead-group.com\/"},{"@type":"ListItem","position":2,"name":"Customer Benefits of &#8222;One Walstead&#8220;"}]},{"@type":"WebSite","@id":"https:\/\/www.walstead-group.com\/#website","url":"https:\/\/www.walstead-group.com\/","name":"Walstead Group","description":"(English) Web offset printing for Europe","potentialAction":[{"@type":"SearchAction","target":{"@type":"EntryPoint","urlTemplate":"https:\/\/www.walstead-group.com\/?s={search_term_string}"},"query-input":{"@type":"PropertyValueSpecification","valueRequired":true,"valueName":"search_term_string"}}],"inLanguage":"cs"}]}},"_links":{"self":[{"href":"https:\/\/www.walstead-group.com\/cs\/wp-json\/wp\/v2\/pages\/12507","targetHints":{"allow":["GET"]}}],"collection":[{"href":"https:\/\/www.walstead-group.com\/cs\/wp-json\/wp\/v2\/pages"}],"about":[{"href":"https:\/\/www.walstead-group.com\/cs\/wp-json\/wp\/v2\/types\/page"}],"author":[{"embeddable":true,"href":"https:\/\/www.walstead-group.com\/cs\/wp-json\/wp\/v2\/users\/1"}],"replies":[{"embeddable":true,"href":"https:\/\/www.walstead-group.com\/cs\/wp-json\/wp\/v2\/comments?post=12507"}],"version-history":[{"count":0,"href":"https:\/\/www.walstead-group.com\/cs\/wp-json\/wp\/v2\/pages\/12507\/revisions"}],"wp:featuredmedia":[{"embeddable":true,"href":"https:\/\/www.walstead-group.com\/cs\/wp-json\/wp\/v2\/media\/12510"}],"wp:attachment":[{"href":"https:\/\/www.walstead-group.com\/cs\/wp-json\/wp\/v2\/media?parent=12507"}],"wp:term":[{"taxonomy":"category","embeddable":true,"href":"https:\/\/www.walstead-group.com\/cs\/wp-json\/wp\/v2\/categories?post=12507"},{"taxonomy":"post_tag","embeddable":true,"href":"https:\/\/www.walstead-group.com\/cs\/wp-json\/wp\/v2\/tags?post=12507"}],"curies":[{"name":"wp","href":"https:\/\/api.w.org\/{rel}","templated":true}]}}