{"id":12515,"date":"2017-04-25T14:16:25","date_gmt":"2017-04-25T12:16:25","guid":{"rendered":"https:\/\/walsteadgroup.wpengine.com\/?page_id=12515"},"modified":"2025-09-04T12:23:44","modified_gmt":"2025-09-04T11:23:44","slug":"our-history","status":"publish","type":"page","link":"https:\/\/www.walstead-group.com\/cs\/our-history\/","title":{"rendered":"Our History"},"content":{"rendered":"<p>[vc_row][vc_column][vc_empty_space height=&#8220;125px&#8220;]<div class=\" size-lg alignCenter clearfix below-sub-title\"><h2 class=\"main-title title sub-title-con normal-title size-lg alignCenter line-style1 \"   >We are Europe\u2019s number one commercial printing and print-related service company and have long lasting heritage which includes the oldest printing company in Europe, established in 1585.<\/h2><p class=\"sub-title  \"   >As in the past \u2013 also today we lead innovation to boost our strong heritage and tradition into a bright future. Where printing with ink and paper is closely connected with state-of-the art technology and production at \u201clight-speed\u201d to provide tailor made solutions of top products and leading edge media services.<\/p> <span class=\"line\"><\/span><\/div>[vc_empty_space][\/vc_column][\/vc_row][vc_row][vc_column]<div class=\" size-md alignCenter clearfix below-sub-title\"><h2 class=\"main-title title uppercase normal-title size-md alignCenter line-style1 \"   >Our history<\/h2> <span class=\"line\"><\/span><\/div>[vc_empty_space height=&#8220;80px&#8220;]<div class=\"smile-icon-timeline-wrap csstime   tl-animation-slide-up\"  data-time_sep_bg_color=\"#00a9d1\" data-time_block_bg_color=\"#ffffff\"  style=\"\"><div class=\"timeline-line \" style=\"border-right-style:solid;border-right-color:#f4f4f4;\"><span><\/span><\/div><div class=\"timeline-wrapper\"><\/div><div class=\"timeline-feature-item feat-item  \"><div class=\"feat-dot \"><div class=\"timeline-dot\"><\/div><\/div><div class=\"ult-timeline-arrow \"><s><\/s><l><\/l><\/div><div class=\"timeline-icon-block\"><div class=\"ult-timeline-icon tl-icon-no-bg\" style=\"   \"><\/div> <!-- icon --><\/div><div class=\"timeline-header-block\" >\n\t\t\t\t\t\t\t<div class=\"timeline-header\" id=\"timeline-featured-6638\"  style=\"\"><h3 class=\"ult-timeline-title ult-responsive\"   data-ultimate-target='#timeline-featured-6638 .ult-timeline-title'  data-responsive-json-new='{\"font-size\":\"desktop:20px;\",\"line-height\":\"\"}'  style=\"font-weight:bold;\">2008, Walstead UK Limited founded<\/h3><div class=\"ult-responsive custom-lht\"  data-ultimate-target='#timeline-featured-6638 .custom-lht'  data-responsive-json-new='{\"font-size\":\"desktop:16px;\",\"line-height\":\"\"}'  style=\"\">Walstead UK Limited (formerly Walstead Investments Limited)<br \/>\nfounded in 2008 as SPV to acquire Wyndeham Press Group.<\/p>\n<p>Founders: Mark Scanlon, Paul Utting, Stephen Hargrave, Richard Fookes<\/div><\/div> <!-- header --><\/div><\/div><div class=\"timeline-wrapper \"><\/div><div class=\"timeline-feature-item feat-item  \"><div class=\"feat-dot \"><div class=\"timeline-dot\"><\/div><\/div><div class=\"ult-timeline-arrow \"><s><\/s><l><\/l><\/div><div class=\"timeline-icon-block\"><div class=\"ult-timeline-icon tl-icon-no-bg\" style=\"   \"><\/div> <!-- icon --><\/div><div class=\"timeline-header-block\" >\n\t\t\t\t\t\t\t<div class=\"timeline-header\" id=\"timeline-featured-4811\"  style=\"\"><h3 class=\"ult-timeline-title ult-responsive\"   data-ultimate-target='#timeline-featured-4811 .ult-timeline-title'  data-responsive-json-new='{\"font-size\":\"desktop:20px;\",\"line-height\":\"\"}'  style=\"font-weight:bold;\">Acquisitions<\/h3><div class=\"ult-responsive custom-lht\"  data-ultimate-target='#timeline-featured-4811 .custom-lht'  data-responsive-json-new='{\"font-size\":\"desktop:16px;\",\"line-height\":\"\"}'  style=\"\"><\/div><\/div> <!-- header --><\/div><\/div><div class=\"timeline-wrapper \"><div class=\"timeline-block \"><div class=\"timeline-dot\"><\/div><div class=\"ult-timeline-arrow\"><s><\/s><l><\/l><\/div><div class=\"timeline-icon-block\"><div class=\"ult-timeline-icon tl-icon-no-bg\" style=\"   \"><\/div> <!-- icon --><\/div><div class=\"timeline-header-block\" >\n\t\t\t\t\t\t\t<div id=\"timeline-item-7757\" class=\"timeline-header\" style=\"\"><h3 class=\"ult-timeline-title ult-responsive\"  data-ultimate-target='#timeline-item-7757 .ult-timeline-title'  data-responsive-json-new='{\"font-size\":\"desktop:20px;\",\"line-height\":\"\"}'  style=\"font-weight:bold;\">2008, Wyndeham Press Group<\/h3><div class=\"ult-responsive timeline-item-spt\"  data-ultimate-target='#timeline-item-7757 .timeline-item-spt'  data-responsive-json-new='{\"font-size\":\"desktop:16px;\",\"line-height\":\"\"}'  style=\"\">Services: heatset web offset, perfect binding, stitching, sheet-fed, pre-media<\/div><\/div> <!-- header --><\/div><\/div><div class=\"timeline-block \"><div class=\"timeline-dot\"><\/div><div class=\"ult-timeline-arrow\"><s><\/s><l><\/l><\/div><div class=\"timeline-icon-block\"><div class=\"ult-timeline-icon tl-icon-no-bg\" style=\"   \"><\/div> <!-- icon --><\/div><div class=\"timeline-header-block\" >\n\t\t\t\t\t\t\t<div id=\"timeline-item-2428\" class=\"timeline-header\" style=\"\"><h3 class=\"ult-timeline-title ult-responsive\"  data-ultimate-target='#timeline-item-2428 .ult-timeline-title'  data-responsive-json-new='{\"font-size\":\"desktop:20px;\",\"line-height\":\"\"}'  style=\"font-weight:bold;\">2009, Southernprint (UK)<\/h3><div class=\"ult-responsive timeline-item-spt\"  data-ultimate-target='#timeline-item-2428 .timeline-item-spt'  data-responsive-json-new='{\"font-size\":\"desktop:16px;\",\"line-height\":\"\"}'  style=\"\">Services: heatset web offset, perfect binding, stitching<\/div><\/div> <!-- header --><\/div><\/div><div class=\"timeline-block \"><div class=\"timeline-dot\"><\/div><div class=\"ult-timeline-arrow\"><s><\/s><l><\/l><\/div><div class=\"timeline-icon-block\"><div class=\"ult-timeline-icon tl-icon-no-bg\" style=\"   \"><\/div> <!-- icon --><\/div><div class=\"timeline-header-block\" >\n\t\t\t\t\t\t\t<div id=\"timeline-item-6651\" class=\"timeline-header\" style=\"\"><h3 class=\"ult-timeline-title ult-responsive\"  data-ultimate-target='#timeline-item-6651 .ult-timeline-title'  data-responsive-json-new='{\"font-size\":\"desktop:20px;\",\"line-height\":\"\"}'  style=\"font-weight:bold;\">2010, Apple Web Offset (UK)<\/h3><div class=\"ult-responsive timeline-item-spt\"  data-ultimate-target='#timeline-item-6651 .timeline-item-spt'  data-responsive-json-new='{\"font-size\":\"desktop:16px;\",\"line-height\":\"\"}'  style=\"\">Services: heatset web offset, stitching<\/div><\/div> <!-- header --><\/div><\/div><div class=\"timeline-block \"><div class=\"timeline-dot\"><\/div><div class=\"ult-timeline-arrow\"><s><\/s><l><\/l><\/div><div class=\"timeline-icon-block\"><div class=\"ult-timeline-icon tl-icon-no-bg\" style=\"   \"><\/div> <!-- icon --><\/div><div class=\"timeline-header-block\" >\n\t\t\t\t\t\t\t<div id=\"timeline-item-5557\" class=\"timeline-header\" style=\"\"><h3 class=\"ult-timeline-title ult-responsive\"  data-ultimate-target='#timeline-item-5557 .ult-timeline-title'  data-responsive-json-new='{\"font-size\":\"desktop:20px;\",\"line-height\":\"\"}'  style=\"font-weight:bold;\">2011, St. Ives Web Offset<\/h3><div class=\"ult-responsive timeline-item-spt\"  data-ultimate-target='#timeline-item-5557 .timeline-item-spt'  data-responsive-json-new='{\"font-size\":\"desktop:16px;\",\"line-height\":\"\"}'  style=\"\">Services: heatset web offset, perfect binding, stitching, sheet-fed<\/div><\/div> <!-- header --><\/div><\/div><div class=\"timeline-block \"><div class=\"timeline-dot\"><\/div><div class=\"ult-timeline-arrow\"><s><\/s><l><\/l><\/div><div class=\"timeline-icon-block\"><div class=\"ult-timeline-icon tl-icon-no-bg\" style=\"   \"><\/div> <!-- icon --><\/div><div class=\"timeline-header-block\" >\n\t\t\t\t\t\t\t<div id=\"timeline-item-2027\" class=\"timeline-header\" style=\"\"><h3 class=\"ult-timeline-title ult-responsive\"  data-ultimate-target='#timeline-item-2027 .ult-timeline-title'  data-responsive-json-new='{\"font-size\":\"desktop:20px;\",\"line-height\":\"\"}'  style=\"font-weight:bold;\">2015, Eurohueco &amp; Rotocobrhi (Spain)<\/h3><div class=\"ult-responsive timeline-item-spt\"  data-ultimate-target='#timeline-item-2027 .timeline-item-spt'  data-responsive-json-new='{\"font-size\":\"desktop:16px;\",\"line-height\":\"\"}'  style=\"\">Services: heatset web offset, gravure, stitching<\/div><\/div> <!-- header --><\/div><\/div><div class=\"timeline-block \"><div class=\"timeline-dot\"><\/div><div class=\"ult-timeline-arrow\"><s><\/s><l><\/l><\/div><div class=\"timeline-icon-block\"><div class=\"ult-timeline-icon tl-icon-no-bg\" style=\"   \"><\/div> <!-- icon --><\/div><div class=\"timeline-header-block\" >\n\t\t\t\t\t\t\t<div id=\"timeline-item-2341\" class=\"timeline-header\" style=\"\"><h3 class=\"ult-timeline-title ult-responsive\"  data-ultimate-target='#timeline-item-2341 .ult-timeline-title'  data-responsive-json-new='{\"font-size\":\"desktop:20px;\",\"line-height\":\"\"}'  style=\"font-family:&#039;Poppins&#039;;font-weight:bold;\">2015, Artisan Press bindery (UK)<\/h3><div class=\"ult-responsive timeline-item-spt\"  data-ultimate-target='#timeline-item-2341 .timeline-item-spt'  data-responsive-json-new='{\"font-size\":\"desktop:16px;\",\"line-height\":\"\"}'  style=\"font-family:&#039;Raleway&#039;;\">Services: perfect binding<\/div><\/div> <!-- header --><\/div><\/div><div class=\"timeline-block \"><div class=\"timeline-dot\"><\/div><div class=\"ult-timeline-arrow\"><s><\/s><l><\/l><\/div><div class=\"timeline-icon-block\"><div class=\"ult-timeline-icon tl-icon-no-bg\" style=\"   \"><\/div> <!-- icon --><\/div><div class=\"timeline-header-block\" >\n\t\t\t\t\t\t\t<div id=\"timeline-item-9428\" class=\"timeline-header\" style=\"\"><h3 class=\"ult-timeline-title ult-responsive\"  data-ultimate-target='#timeline-item-9428 .ult-timeline-title'  data-responsive-json-new='{\"font-size\":\"desktop:20px;\",\"line-height\":\"\"}'  style=\"font-family:&#039;Poppins&#039;;font-weight:bold;\">2016, Leykam Let's Print (Austria, CZ, Slovenia)<\/h3><div class=\"ult-responsive timeline-item-spt\"  data-ultimate-target='#timeline-item-9428 .timeline-item-spt'  data-responsive-json-new='{\"font-size\":\"desktop:16px;\",\"line-height\":\"\"}'  style=\"font-family:&#039;Raleway&#039;;\">Services: heatset web offset, coldset web offset, perfect binding, stitching, pre media<\/div><\/div> <!-- header --><\/div><\/div><div class=\"timeline-block \"><div class=\"timeline-dot\"><\/div><div class=\"ult-timeline-arrow\"><s><\/s><l><\/l><\/div><div class=\"timeline-icon-block\"><div class=\"ult-timeline-icon tl-icon-no-bg\" style=\"   \"><\/div> <!-- icon --><\/div><div class=\"timeline-header-block\" >\n\t\t\t\t\t\t\t<div id=\"timeline-item-8525\" class=\"timeline-header\" style=\"\"><h3 class=\"ult-timeline-title ult-responsive\"  data-ultimate-target='#timeline-item-8525 .ult-timeline-title'  data-responsive-json-new='{\"font-size\":\"desktop:20px;\",\"line-height\":\"\"}'  style=\"font-family:&#039;Poppins&#039;;font-weight:bold;\">2016, Polestar Bichester (UK)<\/h3><div class=\"ult-responsive timeline-item-spt\"  data-ultimate-target='#timeline-item-8525 .timeline-item-spt'  data-responsive-json-new='{\"font-size\":\"desktop:16px;\",\"line-height\":\"\"}'  style=\"font-family:&#039;Raleway&#039;;\">Services: heatset web offset, perfect binding, stitching<\/div><\/div> <!-- header --><\/div><\/div><\/div><\/div>[\/vc_column][\/vc_row]<\/p>","protected":false},"excerpt":{"rendered":"<p>[vc_row][vc_column][vc_empty_space height=&#8220;125px&#8220;][vc_empty_space][\/vc_column][\/vc_row][vc_row][vc_column][vc_empty_space height=&#8220;80px&#8220;][\/vc_column][\/vc_row]<\/p>\n","protected":false},"author":1,"featured_media":12486,"parent":0,"menu_order":0,"comment_status":"closed","ping_status":"closed","template":"","meta":{"footnotes":""},"categories":[1],"tags":[],"class_list":["post-12515","page","type-page","status-publish","has-post-thumbnail","hentry","category-group-facts"],"yoast_head":"<!-- This site is optimized with the Yoast SEO plugin v27.4 - https:\/\/yoast.com\/product\/yoast-seo-wordpress\/ -->\n<title>(English) Walstead Group - Our history<\/title>\n<meta name=\"description\" content=\"(English) Founded in 2008, Walstead has completed 10 acquisitions including Wyndeham Group, Eurohueco and Rotocobhri in Spain, Leykam Let&#039;s Print in Austria, and Polestar Bicester.\" \/>\n<meta name=\"robots\" content=\"index, follow, max-snippet:-1, max-image-preview:large, max-video-preview:-1\" \/>\n<link rel=\"canonical\" href=\"https:\/\/www.walstead-group.com\/our-history\/\" \/>\n<meta property=\"og:locale\" content=\"cs_CZ\" \/>\n<meta property=\"og:type\" content=\"article\" \/>\n<meta property=\"og:title\" content=\"[:en]Walstead Group - Our history[:]\" \/>\n<meta property=\"og:description\" content=\"{:en}Founded in 2008, Walstead has completed 10 acquisitions including Wyndeham Group, Eurohueco and Rotocobhri in Spain, Leykam Let&#039;s Print in Austria, and Polestar Bicester.{:}\" \/>\n<meta property=\"og:url\" content=\"https:\/\/www.walstead-group.com\/our-history\/\" \/>\n<meta property=\"og:site_name\" content=\"Walstead Group\" \/>\n<meta property=\"article:modified_time\" content=\"2025-09-04T11:23:44+00:00\" \/>\n<meta property=\"og:image\" content=\"https:\/\/walsteadgroup.s3.eu-west-1.amazonaws.com\/wp-content\/uploads\/2017\/04\/09111618\/H48-Papierbahn-1-683x1024.jpg\" \/>\n\t<meta property=\"og:image:width\" content=\"683\" \/>\n\t<meta property=\"og:image:height\" content=\"1024\" \/>\n\t<meta property=\"og:image:type\" content=\"image\/jpeg\" \/>\n<meta name=\"twitter:card\" content=\"summary_large_image\" \/>\n<meta name=\"twitter:label1\" content=\"Odhadovan\u00e1 doba \u010dten\u00ed\" \/>\n\t<meta name=\"twitter:data1\" content=\"2 minuty\" \/>\n<script type=\"application\/ld+json\" class=\"yoast-schema-graph\">{\"@context\":\"https:\\\/\\\/schema.org\",\"@graph\":[{\"@type\":\"WebPage\",\"@id\":\"https:\\\/\\\/www.walstead-group.com\\\/our-history\\\/\",\"url\":\"https:\\\/\\\/www.walstead-group.com\\\/our-history\\\/\",\"name\":\"[:en]Walstead Group - Our history[:]\",\"isPartOf\":{\"@id\":\"https:\\\/\\\/www.walstead-group.com\\\/#website\"},\"primaryImageOfPage\":{\"@id\":\"https:\\\/\\\/www.walstead-group.com\\\/our-history\\\/#primaryimage\"},\"image\":{\"@id\":\"https:\\\/\\\/www.walstead-group.com\\\/our-history\\\/#primaryimage\"},\"thumbnailUrl\":\"https:\\\/\\\/www.walstead-group.com\\\/wp-content\\\/uploads\\\/2017\\\/04\\\/H48-Papierbahn-1.jpg\",\"datePublished\":\"2017-04-25T12:16:25+00:00\",\"dateModified\":\"2025-09-04T11:23:44+00:00\",\"description\":\"{:en}Founded in 2008, Walstead has completed 10 acquisitions including Wyndeham Group, Eurohueco and Rotocobhri in Spain, Leykam Let's Print in Austria, and Polestar Bicester.{:}\",\"breadcrumb\":{\"@id\":\"https:\\\/\\\/www.walstead-group.com\\\/our-history\\\/#breadcrumb\"},\"inLanguage\":\"cs\",\"potentialAction\":[{\"@type\":\"ReadAction\",\"target\":[\"https:\\\/\\\/www.walstead-group.com\\\/our-history\\\/\"]}]},{\"@type\":\"ImageObject\",\"inLanguage\":\"cs\",\"@id\":\"https:\\\/\\\/www.walstead-group.com\\\/our-history\\\/#primaryimage\",\"url\":\"https:\\\/\\\/www.walstead-group.com\\\/wp-content\\\/uploads\\\/2017\\\/04\\\/H48-Papierbahn-1.jpg\",\"contentUrl\":\"https:\\\/\\\/www.walstead-group.com\\\/wp-content\\\/uploads\\\/2017\\\/04\\\/H48-Papierbahn-1.jpg\",\"width\":2304,\"height\":3456,\"caption\":\"Walstead Group - Print Business History\"},{\"@type\":\"BreadcrumbList\",\"@id\":\"https:\\\/\\\/www.walstead-group.com\\\/our-history\\\/#breadcrumb\",\"itemListElement\":[{\"@type\":\"ListItem\",\"position\":1,\"name\":\"Startseite\",\"item\":\"https:\\\/\\\/www.walstead-group.com\\\/\"},{\"@type\":\"ListItem\",\"position\":2,\"name\":\"Our History\"}]},{\"@type\":\"WebSite\",\"@id\":\"https:\\\/\\\/www.walstead-group.com\\\/#website\",\"url\":\"https:\\\/\\\/www.walstead-group.com\\\/\",\"name\":\"Walstead Group\",\"description\":\"(English) Web offset printing for Europe\",\"potentialAction\":[{\"@type\":\"SearchAction\",\"target\":{\"@type\":\"EntryPoint\",\"urlTemplate\":\"https:\\\/\\\/www.walstead-group.com\\\/?s={search_term_string}\"},\"query-input\":{\"@type\":\"PropertyValueSpecification\",\"valueRequired\":true,\"valueName\":\"search_term_string\"}}],\"inLanguage\":\"cs\"}]}<\/script>\n<!-- \/ Yoast SEO plugin. -->","yoast_head_json":{"title":"(English) Walstead Group - Our history","description":"(English) Founded in 2008, Walstead has completed 10 acquisitions including Wyndeham Group, Eurohueco and Rotocobhri in Spain, Leykam Let's Print in Austria, and Polestar Bicester.","robots":{"index":"index","follow":"follow","max-snippet":"max-snippet:-1","max-image-preview":"max-image-preview:large","max-video-preview":"max-video-preview:-1"},"canonical":"https:\/\/www.walstead-group.com\/our-history\/","og_locale":"cs_CZ","og_type":"article","og_title":"[:en]Walstead Group - Our history[:]","og_description":"{:en}Founded in 2008, Walstead has completed 10 acquisitions including Wyndeham Group, Eurohueco and Rotocobhri in Spain, Leykam Let's Print in Austria, and Polestar Bicester.{:}","og_url":"https:\/\/www.walstead-group.com\/our-history\/","og_site_name":"Walstead Group","article_modified_time":"2025-09-04T11:23:44+00:00","og_image":[{"width":683,"height":1024,"url":"https:\/\/walsteadgroup.s3.eu-west-1.amazonaws.com\/wp-content\/uploads\/2017\/04\/09111618\/H48-Papierbahn-1-683x1024.jpg","type":"image\/jpeg"}],"twitter_card":"summary_large_image","twitter_misc":{"Odhadovan\u00e1 doba \u010dten\u00ed":"2 minuty"},"schema":{"@context":"https:\/\/schema.org","@graph":[{"@type":"WebPage","@id":"https:\/\/www.walstead-group.com\/our-history\/","url":"https:\/\/www.walstead-group.com\/our-history\/","name":"[:en]Walstead Group - Our history[:]","isPartOf":{"@id":"https:\/\/www.walstead-group.com\/#website"},"primaryImageOfPage":{"@id":"https:\/\/www.walstead-group.com\/our-history\/#primaryimage"},"image":{"@id":"https:\/\/www.walstead-group.com\/our-history\/#primaryimage"},"thumbnailUrl":"https:\/\/www.walstead-group.com\/wp-content\/uploads\/2017\/04\/H48-Papierbahn-1.jpg","datePublished":"2017-04-25T12:16:25+00:00","dateModified":"2025-09-04T11:23:44+00:00","description":"{:en}Founded in 2008, Walstead has completed 10 acquisitions including Wyndeham Group, Eurohueco and Rotocobhri in Spain, Leykam Let's Print in Austria, and Polestar Bicester.{:}","breadcrumb":{"@id":"https:\/\/www.walstead-group.com\/our-history\/#breadcrumb"},"inLanguage":"cs","potentialAction":[{"@type":"ReadAction","target":["https:\/\/www.walstead-group.com\/our-history\/"]}]},{"@type":"ImageObject","inLanguage":"cs","@id":"https:\/\/www.walstead-group.com\/our-history\/#primaryimage","url":"https:\/\/www.walstead-group.com\/wp-content\/uploads\/2017\/04\/H48-Papierbahn-1.jpg","contentUrl":"https:\/\/www.walstead-group.com\/wp-content\/uploads\/2017\/04\/H48-Papierbahn-1.jpg","width":2304,"height":3456,"caption":"Walstead Group - Print Business History"},{"@type":"BreadcrumbList","@id":"https:\/\/www.walstead-group.com\/our-history\/#breadcrumb","itemListElement":[{"@type":"ListItem","position":1,"name":"Startseite","item":"https:\/\/www.walstead-group.com\/"},{"@type":"ListItem","position":2,"name":"Our History"}]},{"@type":"WebSite","@id":"https:\/\/www.walstead-group.com\/#website","url":"https:\/\/www.walstead-group.com\/","name":"Walstead Group","description":"(English) Web offset printing for Europe","potentialAction":[{"@type":"SearchAction","target":{"@type":"EntryPoint","urlTemplate":"https:\/\/www.walstead-group.com\/?s={search_term_string}"},"query-input":{"@type":"PropertyValueSpecification","valueRequired":true,"valueName":"search_term_string"}}],"inLanguage":"cs"}]}},"_links":{"self":[{"href":"https:\/\/www.walstead-group.com\/cs\/wp-json\/wp\/v2\/pages\/12515","targetHints":{"allow":["GET"]}}],"collection":[{"href":"https:\/\/www.walstead-group.com\/cs\/wp-json\/wp\/v2\/pages"}],"about":[{"href":"https:\/\/www.walstead-group.com\/cs\/wp-json\/wp\/v2\/types\/page"}],"author":[{"embeddable":true,"href":"https:\/\/www.walstead-group.com\/cs\/wp-json\/wp\/v2\/users\/1"}],"replies":[{"embeddable":true,"href":"https:\/\/www.walstead-group.com\/cs\/wp-json\/wp\/v2\/comments?post=12515"}],"version-history":[{"count":0,"href":"https:\/\/www.walstead-group.com\/cs\/wp-json\/wp\/v2\/pages\/12515\/revisions"}],"wp:featuredmedia":[{"embeddable":true,"href":"https:\/\/www.walstead-group.com\/cs\/wp-json\/wp\/v2\/media\/12486"}],"wp:attachment":[{"href":"https:\/\/www.walstead-group.com\/cs\/wp-json\/wp\/v2\/media?parent=12515"}],"wp:term":[{"taxonomy":"category","embeddable":true,"href":"https:\/\/www.walstead-group.com\/cs\/wp-json\/wp\/v2\/categories?post=12515"},{"taxonomy":"post_tag","embeddable":true,"href":"https:\/\/www.walstead-group.com\/cs\/wp-json\/wp\/v2\/tags?post=12515"}],"curies":[{"name":"wp","href":"https:\/\/api.w.org\/{rel}","templated":true}]}}