{"id":12782,"date":"2017-04-28T13:19:55","date_gmt":"2017-04-28T11:19:55","guid":{"rendered":"https:\/\/walsteadgroup.wpengine.com\/?page_id=12782"},"modified":"2025-09-05T09:05:52","modified_gmt":"2025-09-05T08:05:52","slug":"senior-management","status":"publish","type":"page","link":"https:\/\/www.walstead-group.com\/cs\/senior-management\/","title":{"rendered":"Management Board"},"content":{"rendered":"<p><\/p>\n<p>[vc_row][vc_column][vc_empty_space height=&#8220;125px&#8220;][\/vc_column][\/vc_row][vc_row][vc_column][vc_empty_space]<div class=\" size-lg alignCenter clearfix below-sub-title\"><h1 class=\"main-title title uppercase sub-title-con normal-title size-lg alignCenter line-style1 \"   >We serve our customers with utmost passion, commitment and flexibility.<\/h1><p class=\"sub-title  \"   >Mark Scanlon, Executive Chairman, Walstead Group<\/p> <span class=\"line\"><\/span><\/div>[\/vc_column][\/vc_row][vc_row][vc_column][vc_empty_space]<div id=\"ultimate-heading-628369e172cc7c3de\" class=\"uvc-heading ult-adjust-bottom-margin ultimate-heading-628369e172cc7c3de uvc-9192 \" data-hspacer=\"line_only\"  data-halign=\"center\" style=\"text-align:center\"><div class=\"uvc-main-heading ult-responsive\"  data-ultimate-target='.uvc-heading.ultimate-heading-628369e172cc7c3de h2'  data-responsive-json-new='{\"font-size\":\"desktop:28px;\",\"line-height\":\"\"}' ><h2 style=\"font-weight:normal;margin-bottom:28px;\">MANAGEMENT BOARD<\/h2><\/div><div class=\"uvc-heading-spacer line_only\" style=\"topheight:2px;\"><span class=\"uvc-headings-line\" style=\"border-style:solid;border-bottom-width:2px;border-color:#07a1e2;width:60px;\"><\/span><\/div><\/div>[vc_empty_space][\/vc_column][\/vc_row][vc_row][vc_column width=&#8220;1\/4&#8243;][vc_empty_space height=&#8220;16px&#8220;][vc_single_image image=&#8220;13479&#8243; img_size=&#8220;large&#8220;]<div id=\"ultimate-heading-330569e172cc7c3ee\" class=\"uvc-heading ult-adjust-bottom-margin ultimate-heading-330569e172cc7c3ee uvc-822 \" data-hspacer=\"no_spacer\"  data-halign=\"center\" style=\"text-align:center\"><div class=\"uvc-heading-spacer no_spacer\" style=\"top\"><\/div><div class=\"uvc-main-heading ult-responsive\"  data-ultimate-target='.uvc-heading.ultimate-heading-330569e172cc7c3ee h3'  data-responsive-json-new='{\"font-size\":\"\",\"line-height\":\"\"}' ><h3 style=\"font-weight:normal;\">Mark Scanlon<\/h3><\/div><div class=\"uvc-sub-heading ult-responsive\"  data-ultimate-target='.uvc-heading.ultimate-heading-330569e172cc7c3ee .uvc-sub-heading '  data-responsive-json-new='{\"font-size\":\"\",\"line-height\":\"\"}'  style=\"font-weight:normal;\">Executive Chairman<\/div><\/div>[\/vc_column][vc_column width=&#8220;1\/4&#8243;][vc_empty_space height=&#8220;16px&#8220;][vc_single_image image=&#8220;13476&#8243; img_size=&#8220;large&#8220;]<div id=\"ultimate-heading-573469e172cc7c3fe\" class=\"uvc-heading ult-adjust-bottom-margin ultimate-heading-573469e172cc7c3fe uvc-1142 \" data-hspacer=\"no_spacer\"  data-halign=\"center\" style=\"text-align:center\"><div class=\"uvc-heading-spacer no_spacer\" style=\"top\"><\/div><div class=\"uvc-main-heading ult-responsive\"  data-ultimate-target='.uvc-heading.ultimate-heading-573469e172cc7c3fe h3'  data-responsive-json-new='{\"font-size\":\"\",\"line-height\":\"\"}' ><h3 style=\"font-weight:normal;\">Paul Utting<\/h3><\/div><div class=\"uvc-sub-heading ult-responsive\"  data-ultimate-target='.uvc-heading.ultimate-heading-573469e172cc7c3fe .uvc-sub-heading '  data-responsive-json-new='{\"font-size\":\"\",\"line-height\":\"\"}'  style=\"font-weight:normal;\">Group CEO<\/div><\/div>[\/vc_column][\/vc_row][vc_row][vc_column width=&#8220;1\/4&#8243;][vc_empty_space height=&#8220;16px&#8220;][vc_single_image image=&#8220;13487&#8243; img_size=&#8220;large&#8220;]<div id=\"ultimate-heading-347469e172cc7c40e\" class=\"uvc-heading ult-adjust-bottom-margin ultimate-heading-347469e172cc7c40e uvc-1717 \" data-hspacer=\"no_spacer\"  data-halign=\"center\" style=\"text-align:center\"><div class=\"uvc-heading-spacer no_spacer\" style=\"top\"><\/div><div class=\"uvc-main-heading ult-responsive\"  data-ultimate-target='.uvc-heading.ultimate-heading-347469e172cc7c40e h3'  data-responsive-json-new='{\"font-size\":\"\",\"line-height\":\"\"}' ><h3 style=\"font-weight:normal;\">Roy Kingston<\/h3><\/div><div class=\"uvc-sub-heading ult-responsive\"  data-ultimate-target='.uvc-heading.ultimate-heading-347469e172cc7c40e .uvc-sub-heading '  data-responsive-json-new='{\"font-size\":\"\",\"line-height\":\"\"}'  style=\"font-weight:normal;\">Chief Operating Officer, Walstead Group<\/div><\/div>[\/vc_column][vc_column width=&#8220;1\/4&#8243;][vc_empty_space height=&#8220;16px&#8220;][vc_single_image image=&#8220;13482&#8243; img_size=&#8220;large&#8220;]<div id=\"ultimate-heading-488769e172cc7c420\" class=\"uvc-heading ult-adjust-bottom-margin ultimate-heading-488769e172cc7c420 uvc-2728 \" data-hspacer=\"no_spacer\"  data-halign=\"center\" style=\"text-align:center\"><div class=\"uvc-heading-spacer no_spacer\" style=\"top\"><\/div><div class=\"uvc-main-heading ult-responsive\"  data-ultimate-target='.uvc-heading.ultimate-heading-488769e172cc7c420 h3'  data-responsive-json-new='{\"font-size\":\"\",\"line-height\":\"\"}' ><h3 style=\"font-weight:normal;\">Debbie Read<\/h3><\/div><div class=\"uvc-sub-heading ult-responsive\"  data-ultimate-target='.uvc-heading.ultimate-heading-488769e172cc7c420 .uvc-sub-heading '  data-responsive-json-new='{\"font-size\":\"\",\"line-height\":\"\"}'  style=\"font-weight:normal;\">Group Commercial Director, Walstead Group and CEO, Walstead UK<\/div><\/div>[\/vc_column][vc_column width=&#8220;1\/4&#8243;][vc_empty_space height=&#8220;16px&#8220;][vc_single_image image=&#8220;15338&#8243; img_size=&#8220;large&#8220;]<div id=\"ultimate-heading-624369e172cc7c431\" class=\"uvc-heading ult-adjust-bottom-margin ultimate-heading-624369e172cc7c431 uvc-6997 \" data-hspacer=\"no_spacer\"  data-halign=\"center\" style=\"text-align:center\"><div class=\"uvc-heading-spacer no_spacer\" style=\"top\"><\/div><div class=\"uvc-main-heading ult-responsive\"  data-ultimate-target='.uvc-heading.ultimate-heading-624369e172cc7c431 h3'  data-responsive-json-new='{\"font-size\":\"\",\"line-height\":\"\"}' ><h3 style=\"font-weight:normal;\">Grant Murray<\/h3><\/div><div class=\"uvc-sub-heading ult-responsive\"  data-ultimate-target='.uvc-heading.ultimate-heading-624369e172cc7c431 .uvc-sub-heading '  data-responsive-json-new='{\"font-size\":\"\",\"line-height\":\"\"}'  style=\"font-weight:normal;\">Group CFO<\/div><\/div>[\/vc_column][\/vc_row][vc_row][vc_column width=&#8220;1\/4&#8243;][vc_empty_space height=&#8220;16px&#8220;][vc_single_image image=&#8220;14113&#8243; img_size=&#8220;large&#8220;]<div id=\"ultimate-heading-12269e172cc7c441\" class=\"uvc-heading ult-adjust-bottom-margin ultimate-heading-12269e172cc7c441 uvc-3759 \" data-hspacer=\"no_spacer\"  data-halign=\"center\" style=\"text-align:center\"><div class=\"uvc-heading-spacer no_spacer\" style=\"top\"><\/div><div class=\"uvc-main-heading ult-responsive\"  data-ultimate-target='.uvc-heading.ultimate-heading-12269e172cc7c441 h3'  data-responsive-json-new='{\"font-size\":\"\",\"line-height\":\"\"}' ><h3 style=\"font-weight:normal;\">Jos\u00e9 Maria Camacho Fern\u00e1ndez<\/h3><\/div><div class=\"uvc-sub-heading ult-responsive\"  data-ultimate-target='.uvc-heading.ultimate-heading-12269e172cc7c441 .uvc-sub-heading '  data-responsive-json-new='{\"font-size\":\"\",\"line-height\":\"\"}'  style=\"font-weight:normal;\">CEO, Walstead Iberia<\/div><\/div>[\/vc_column][vc_column width=&#8220;1\/4&#8243;][vc_empty_space height=&#8220;16px&#8220;][vc_single_image image=&#8220;15225&#8243; img_size=&#8220;large&#8220;]<div id=\"ultimate-heading-4469e172cc7c451\" class=\"uvc-heading ult-adjust-bottom-margin ultimate-heading-4469e172cc7c451 uvc-1916 \" data-hspacer=\"no_spacer\"  data-halign=\"center\" style=\"text-align:center\"><div class=\"uvc-heading-spacer no_spacer\" style=\"top\"><\/div><div class=\"uvc-main-heading ult-responsive\"  data-ultimate-target='.uvc-heading.ultimate-heading-4469e172cc7c451 h3'  data-responsive-json-new='{\"font-size\":\"\",\"line-height\":\"\"}' ><h3 style=\"font-weight:normal;\">Stefan Gutheil<\/h3><\/div><div class=\"uvc-sub-heading ult-responsive\"  data-ultimate-target='.uvc-heading.ultimate-heading-4469e172cc7c451 .uvc-sub-heading '  data-responsive-json-new='{\"font-size\":\"\",\"line-height\":\"\"}'  style=\"font-weight:normal;\">CEO, Walstead Leykam Druck<\/div><\/div>[\/vc_column][vc_column width=&#8220;1\/4&#8243;][vc_empty_space height=&#8220;16px&#8220;][vc_single_image image=&#8220;15287&#8243; img_size=&#8220;large&#8220;]<div id=\"ultimate-heading-206269e172cc7c461\" class=\"uvc-heading ult-adjust-bottom-margin ultimate-heading-206269e172cc7c461 uvc-641 \" data-hspacer=\"no_spacer\"  data-halign=\"center\" style=\"text-align:center\"><div class=\"uvc-heading-spacer no_spacer\" style=\"top\"><\/div><div class=\"uvc-main-heading ult-responsive\"  data-ultimate-target='.uvc-heading.ultimate-heading-206269e172cc7c461 h3'  data-responsive-json-new='{\"font-size\":\"\",\"line-height\":\"\"}' ><h3 style=\"font-weight:normal;\">Grzegorz Czech<\/h3><\/div><div class=\"uvc-sub-heading ult-responsive\"  data-ultimate-target='.uvc-heading.ultimate-heading-206269e172cc7c461 .uvc-sub-heading '  data-responsive-json-new='{\"font-size\":\"\",\"line-height\":\"\"}'  style=\"font-weight:normal;\">CEO, Walstead C.E.<\/div><\/div>[\/vc_column][\/vc_row][vc_row][vc_column][vc_empty_space height=&#8220;60px&#8220;]<div id=\"ultimate-heading-2669e172cc7c477\" class=\"uvc-heading ult-adjust-bottom-margin ultimate-heading-2669e172cc7c477 uvc-2453 \" data-hspacer=\"line_only\"  data-halign=\"center\" style=\"text-align:center\"><div class=\"uvc-main-heading ult-responsive\"  data-ultimate-target='.uvc-heading.ultimate-heading-2669e172cc7c477 h2'  data-responsive-json-new='{\"font-size\":\"desktop:28px;\",\"line-height\":\"\"}' ><h2 style=\"font-weight:normal;margin-bottom:28px;\">Non executive directors<\/h2><\/div><div class=\"uvc-heading-spacer line_only\" style=\"topheight:2px;\"><span class=\"uvc-headings-line\" style=\"border-style:solid;border-bottom-width:2px;border-color:#07a1e2;width:60px;\"><\/span><\/div><\/div>[vc_empty_space height=&#8220;26px&#8220;][\/vc_column][\/vc_row][vc_row][vc_column width=&#8220;1\/4&#8243;][vc_empty_space height=&#8220;16px&#8220;][vc_single_image image=&#8220;13483&#8243; img_size=&#8220;large&#8220;]<div id=\"ultimate-heading-172569e172cc7c486\" class=\"uvc-heading ult-adjust-bottom-margin ultimate-heading-172569e172cc7c486 uvc-6999 \" data-hspacer=\"no_spacer\"  data-halign=\"center\" style=\"text-align:center\"><div class=\"uvc-heading-spacer no_spacer\" style=\"top\"><\/div><div class=\"uvc-main-heading ult-responsive\"  data-ultimate-target='.uvc-heading.ultimate-heading-172569e172cc7c486 h3'  data-responsive-json-new='{\"font-size\":\"\",\"line-height\":\"\"}' ><h3 style=\"font-weight:normal;\">Stephen Hargrave<\/h3><\/div><div class=\"uvc-sub-heading ult-responsive\"  data-ultimate-target='.uvc-heading.ultimate-heading-172569e172cc7c486 .uvc-sub-heading '  data-responsive-json-new='{\"font-size\":\"\",\"line-height\":\"\"}'  style=\"font-weight:normal;\">Deputy Chairman<\/div><\/div>[\/vc_column][vc_column width=&#8220;1\/4&#8243;][vc_empty_space height=&#8220;16px&#8220;][vc_single_image image=&#8220;13703&#8243; img_size=&#8220;large&#8220;]<div id=\"ultimate-heading-560769e172cc7c496\" class=\"uvc-heading ult-adjust-bottom-margin ultimate-heading-560769e172cc7c496 uvc-7186 \" data-hspacer=\"no_spacer\"  data-halign=\"center\" style=\"text-align:center\"><div class=\"uvc-heading-spacer no_spacer\" style=\"top\"><\/div><div class=\"uvc-main-heading ult-responsive\"  data-ultimate-target='.uvc-heading.ultimate-heading-560769e172cc7c496 h3'  data-responsive-json-new='{\"font-size\":\"\",\"line-height\":\"\"}' ><h3 style=\"font-weight:normal;\">Oliver Jones<\/h3><\/div><div class=\"uvc-sub-heading ult-responsive\"  data-ultimate-target='.uvc-heading.ultimate-heading-560769e172cc7c496 .uvc-sub-heading '  data-responsive-json-new='{\"font-size\":\"\",\"line-height\":\"\"}'  style=\"font-weight:normal;\">Non-Executive Director<\/div><\/div>[\/vc_column][vc_column width=&#8220;1\/4&#8243;][vc_empty_space height=&#8220;16px&#8220;][vc_single_image image=&#8220;15320&#8243; img_size=&#8220;large&#8220;]<div id=\"ultimate-heading-711969e172cc7c4a9\" class=\"uvc-heading ult-adjust-bottom-margin ultimate-heading-711969e172cc7c4a9 uvc-5696 \" data-hspacer=\"no_spacer\"  data-halign=\"center\" style=\"text-align:center\"><div class=\"uvc-heading-spacer no_spacer\" style=\"top\"><\/div><div class=\"uvc-main-heading ult-responsive\"  data-ultimate-target='.uvc-heading.ultimate-heading-711969e172cc7c4a9 h3'  data-responsive-json-new='{\"font-size\":\"\",\"line-height\":\"\"}' ><h3 style=\"font-weight:normal;\">Ben Slatter<\/h3><\/div><div class=\"uvc-sub-heading ult-responsive\"  data-ultimate-target='.uvc-heading.ultimate-heading-711969e172cc7c4a9 .uvc-sub-heading '  data-responsive-json-new='{\"font-size\":\"\",\"line-height\":\"\"}'  style=\"font-weight:normal;\">Non-Executive Director<\/div><\/div>[\/vc_column][\/vc_row][vc_row][vc_column][vc_empty_space][\/vc_column][\/vc_row]<\/p>\n<p><\/p>","protected":false},"excerpt":{"rendered":"<p>[vc_row][vc_column][vc_empty_space height=&#8220;125px&#8220;][\/vc_column][\/vc_row][vc_row][vc_column][vc_empty_space][\/vc_column][\/vc_row][vc_row][vc_column][vc_empty_space][vc_empty_space][\/vc_column][\/vc_row][vc_row][vc_column width=&#8220;1\/4&#8243;][vc_empty_space height=&#8220;16px&#8220;][vc_single_image image=&#8220;13479&#8243; img_size=&#8220;large&#8220;][\/vc_column][vc_column width=&#8220;1\/4&#8243;][vc_empty_space height=&#8220;16px&#8220;][vc_single_image image=&#8220;13476&#8243; img_size=&#8220;large&#8220;][\/vc_column][\/vc_row][vc_row][vc_column width=&#8220;1\/4&#8243;][vc_empty_space height=&#8220;16px&#8220;][vc_single_image image=&#8220;13487&#8243; img_size=&#8220;large&#8220;][\/vc_column][vc_column width=&#8220;1\/4&#8243;][vc_empty_space height=&#8220;16px&#8220;][vc_single_image image=&#8220;13482&#8243; img_size=&#8220;large&#8220;][\/vc_column][vc_column width=&#8220;1\/4&#8243;][vc_empty_space height=&#8220;16px&#8220;][vc_single_image image=&#8220;15338&#8243; img_size=&#8220;large&#8220;][\/vc_column][\/vc_row][vc_row][vc_column width=&#8220;1\/4&#8243;][vc_empty_space height=&#8220;16px&#8220;][vc_single_image image=&#8220;14113&#8243; img_size=&#8220;large&#8220;][\/vc_column][vc_column width=&#8220;1\/4&#8243;][vc_empty_space height=&#8220;16px&#8220;][vc_single_image image=&#8220;15225&#8243; img_size=&#8220;large&#8220;][\/vc_column][vc_column width=&#8220;1\/4&#8243;][vc_empty_space height=&#8220;16px&#8220;][vc_single_image image=&#8220;15287&#8243; img_size=&#8220;large&#8220;][\/vc_column][\/vc_row][vc_row][vc_column][vc_empty_space height=&#8220;60px&#8220;][vc_empty_space height=&#8220;26px&#8220;][\/vc_column][\/vc_row][vc_row][vc_column width=&#8220;1\/4&#8243;][vc_empty_space height=&#8220;16px&#8220;][vc_single_image image=&#8220;13483&#8243; img_size=&#8220;large&#8220;][\/vc_column][vc_column&#8230;<\/p>\n","protected":false},"author":1,"featured_media":0,"parent":0,"menu_order":0,"comment_status":"closed","ping_status":"closed","template":"","meta":{"footnotes":""},"categories":[],"tags":[],"class_list":["post-12782","page","type-page","status-publish","hentry"],"yoast_head":"<!-- This site is optimized with the Yoast SEO plugin v27.4 - https:\/\/yoast.com\/product\/yoast-seo-wordpress\/ -->\n<title>(English) Walstead Group - Senior management<\/title>\n<meta name=\"description\" content=\"(English) Walstead Group&#039;s senior management team consists of Mark Scanlon, Richard Fookes, Stephen Hargrave, Paul Utting and more.\" \/>\n<meta name=\"robots\" content=\"index, follow, max-snippet:-1, max-image-preview:large, max-video-preview:-1\" \/>\n<link rel=\"canonical\" href=\"https:\/\/www.walstead-group.com\/senior-management\/\" \/>\n<meta property=\"og:locale\" content=\"cs_CZ\" \/>\n<meta property=\"og:type\" content=\"article\" \/>\n<meta property=\"og:title\" content=\"[:en]Walstead Group - Senior management [:]\" \/>\n<meta property=\"og:description\" content=\"{:en}Walstead Group&#039;s senior management team consists of Mark Scanlon, Richard Fookes, Stephen Hargrave, Paul Utting and more. {:}\" \/>\n<meta property=\"og:url\" content=\"https:\/\/www.walstead-group.com\/senior-management\/\" \/>\n<meta property=\"og:site_name\" content=\"Walstead Group\" \/>\n<meta property=\"article:modified_time\" content=\"2025-09-05T08:05:52+00:00\" \/>\n<meta name=\"twitter:card\" content=\"summary_large_image\" \/>\n<meta name=\"twitter:label1\" content=\"Odhadovan\u00e1 doba \u010dten\u00ed\" \/>\n\t<meta name=\"twitter:data1\" content=\"1 minuta\" \/>\n<script type=\"application\/ld+json\" class=\"yoast-schema-graph\">{\"@context\":\"https:\\\/\\\/schema.org\",\"@graph\":[{\"@type\":\"WebPage\",\"@id\":\"https:\\\/\\\/www.walstead-group.com\\\/senior-management\\\/\",\"url\":\"https:\\\/\\\/www.walstead-group.com\\\/senior-management\\\/\",\"name\":\"[:en]Walstead Group - Senior management [:]\",\"isPartOf\":{\"@id\":\"https:\\\/\\\/www.walstead-group.com\\\/#website\"},\"datePublished\":\"2017-04-28T11:19:55+00:00\",\"dateModified\":\"2025-09-05T08:05:52+00:00\",\"description\":\"{:en}Walstead Group's senior management team consists of Mark Scanlon, Richard Fookes, Stephen Hargrave, Paul Utting and more. {:}\",\"breadcrumb\":{\"@id\":\"https:\\\/\\\/www.walstead-group.com\\\/senior-management\\\/#breadcrumb\"},\"inLanguage\":\"cs\",\"potentialAction\":[{\"@type\":\"ReadAction\",\"target\":[\"https:\\\/\\\/www.walstead-group.com\\\/senior-management\\\/\"]}]},{\"@type\":\"BreadcrumbList\",\"@id\":\"https:\\\/\\\/www.walstead-group.com\\\/senior-management\\\/#breadcrumb\",\"itemListElement\":[{\"@type\":\"ListItem\",\"position\":1,\"name\":\"Startseite\",\"item\":\"https:\\\/\\\/www.walstead-group.com\\\/\"},{\"@type\":\"ListItem\",\"position\":2,\"name\":\"Senior management\"}]},{\"@type\":\"WebSite\",\"@id\":\"https:\\\/\\\/www.walstead-group.com\\\/#website\",\"url\":\"https:\\\/\\\/www.walstead-group.com\\\/\",\"name\":\"Walstead Group\",\"description\":\"(English) Web offset printing for Europe\",\"potentialAction\":[{\"@type\":\"SearchAction\",\"target\":{\"@type\":\"EntryPoint\",\"urlTemplate\":\"https:\\\/\\\/www.walstead-group.com\\\/?s={search_term_string}\"},\"query-input\":{\"@type\":\"PropertyValueSpecification\",\"valueRequired\":true,\"valueName\":\"search_term_string\"}}],\"inLanguage\":\"cs\"}]}<\/script>\n<!-- \/ Yoast SEO plugin. -->","yoast_head_json":{"title":"(English) Walstead Group - Senior management","description":"(English) Walstead Group's senior management team consists of Mark Scanlon, Richard Fookes, Stephen Hargrave, Paul Utting and more.","robots":{"index":"index","follow":"follow","max-snippet":"max-snippet:-1","max-image-preview":"max-image-preview:large","max-video-preview":"max-video-preview:-1"},"canonical":"https:\/\/www.walstead-group.com\/senior-management\/","og_locale":"cs_CZ","og_type":"article","og_title":"[:en]Walstead Group - Senior management [:]","og_description":"{:en}Walstead Group's senior management team consists of Mark Scanlon, Richard Fookes, Stephen Hargrave, Paul Utting and more. {:}","og_url":"https:\/\/www.walstead-group.com\/senior-management\/","og_site_name":"Walstead Group","article_modified_time":"2025-09-05T08:05:52+00:00","twitter_card":"summary_large_image","twitter_misc":{"Odhadovan\u00e1 doba \u010dten\u00ed":"1 minuta"},"schema":{"@context":"https:\/\/schema.org","@graph":[{"@type":"WebPage","@id":"https:\/\/www.walstead-group.com\/senior-management\/","url":"https:\/\/www.walstead-group.com\/senior-management\/","name":"[:en]Walstead Group - Senior management [:]","isPartOf":{"@id":"https:\/\/www.walstead-group.com\/#website"},"datePublished":"2017-04-28T11:19:55+00:00","dateModified":"2025-09-05T08:05:52+00:00","description":"{:en}Walstead Group's senior management team consists of Mark Scanlon, Richard Fookes, Stephen Hargrave, Paul Utting and more. {:}","breadcrumb":{"@id":"https:\/\/www.walstead-group.com\/senior-management\/#breadcrumb"},"inLanguage":"cs","potentialAction":[{"@type":"ReadAction","target":["https:\/\/www.walstead-group.com\/senior-management\/"]}]},{"@type":"BreadcrumbList","@id":"https:\/\/www.walstead-group.com\/senior-management\/#breadcrumb","itemListElement":[{"@type":"ListItem","position":1,"name":"Startseite","item":"https:\/\/www.walstead-group.com\/"},{"@type":"ListItem","position":2,"name":"Senior management"}]},{"@type":"WebSite","@id":"https:\/\/www.walstead-group.com\/#website","url":"https:\/\/www.walstead-group.com\/","name":"Walstead Group","description":"(English) Web offset printing for Europe","potentialAction":[{"@type":"SearchAction","target":{"@type":"EntryPoint","urlTemplate":"https:\/\/www.walstead-group.com\/?s={search_term_string}"},"query-input":{"@type":"PropertyValueSpecification","valueRequired":true,"valueName":"search_term_string"}}],"inLanguage":"cs"}]}},"_links":{"self":[{"href":"https:\/\/www.walstead-group.com\/cs\/wp-json\/wp\/v2\/pages\/12782","targetHints":{"allow":["GET"]}}],"collection":[{"href":"https:\/\/www.walstead-group.com\/cs\/wp-json\/wp\/v2\/pages"}],"about":[{"href":"https:\/\/www.walstead-group.com\/cs\/wp-json\/wp\/v2\/types\/page"}],"author":[{"embeddable":true,"href":"https:\/\/www.walstead-group.com\/cs\/wp-json\/wp\/v2\/users\/1"}],"replies":[{"embeddable":true,"href":"https:\/\/www.walstead-group.com\/cs\/wp-json\/wp\/v2\/comments?post=12782"}],"version-history":[{"count":0,"href":"https:\/\/www.walstead-group.com\/cs\/wp-json\/wp\/v2\/pages\/12782\/revisions"}],"wp:attachment":[{"href":"https:\/\/www.walstead-group.com\/cs\/wp-json\/wp\/v2\/media?parent=12782"}],"wp:term":[{"taxonomy":"category","embeddable":true,"href":"https:\/\/www.walstead-group.com\/cs\/wp-json\/wp\/v2\/categories?post=12782"},{"taxonomy":"post_tag","embeddable":true,"href":"https:\/\/www.walstead-group.com\/cs\/wp-json\/wp\/v2\/tags?post=12782"}],"curies":[{"name":"wp","href":"https:\/\/api.w.org\/{rel}","templated":true}]}}