{"id":13225,"date":"2017-07-12T10:18:01","date_gmt":"2017-07-12T08:18:01","guid":{"rendered":"https:\/\/walsteadgroup.wpengine.com\/?page_id=13225"},"modified":"2019-04-09T09:57:16","modified_gmt":"2019-04-09T08:57:16","slug":"products","status":"publish","type":"page","link":"https:\/\/www.walstead-group.com\/cs\/products\/","title":{"rendered":"Products"},"content":{"rendered":"<p>[vc_row][vc_column][vc_empty_space height=&#8220;125px&#8220;]<div class=\" size-lg alignCenter clearfix below-sub-title\"><h1 class=\"main-title title uppercase normal-title size-lg alignCenter line-style1 \"   >Overview<\/h1> <span class=\"line\"><\/span><\/div>[vc_empty_space height=&#8220;80px&#8220;]<div class=\" size-md alignCenter clearfix\"><h2 class=\"main-title title normal-title size-md alignCenter line-style1 \"   >Using over 900,000 tons of paper Walstead produces high volume<\/h2><\/div>[vc_empty_space height=&#8220;40px&#8220;][\/vc_column][\/vc_row][vc_row][vc_column width=&#8220;1\/2&#8243;][vc_single_image image=&#8220;12592&#8243; img_size=&#8220;full&#8220;][\/vc_column][vc_column width=&#8220;1\/2&#8243;][vc_empty_space height=&#8220;45px&#8220; el_class=&#8220;ts-hide-desktop&#8220;]<div id=\"ultimate-heading-361269ee1bb5cd74a\" class=\"uvc-heading ult-adjust-bottom-margin ultimate-heading-361269ee1bb5cd74a uvc-4068 ts-headline ts-line-left\" data-hspacer=\"line_only\"  data-halign=\"left\" style=\"text-align:left\"><div class=\"uvc-main-heading ult-responsive\"  data-ultimate-target='.uvc-heading.ultimate-heading-361269ee1bb5cd74a h3'  data-responsive-json-new='{\"font-size\":\"\",\"line-height\":\"\"}' ><h3 style=\"font-weight:normal;margin-bottom:18px;\">Advertising flyers &amp; leaflets<\/h3><\/div><div class=\"uvc-heading-spacer line_only\" style=\"topheight:2px;\"><span class=\"uvc-headings-line\" style=\"border-style:solid;border-bottom-width:2px;border-color:#07a1e2;width:75px;\"><\/span><\/div><\/div>[vc_empty_space height=&#8220;45px&#8220;]<div id=\"ultimate-heading-531469ee1bb5cd779\" class=\"uvc-heading ult-adjust-bottom-margin ultimate-heading-531469ee1bb5cd779 uvc-5985 ts-headline ts-line-left\" data-hspacer=\"line_only\"  data-halign=\"left\" style=\"text-align:left\"><div class=\"uvc-main-heading ult-responsive\"  data-ultimate-target='.uvc-heading.ultimate-heading-531469ee1bb5cd779 h3'  data-responsive-json-new='{\"font-size\":\"\",\"line-height\":\"\"}' ><h3 style=\"font-weight:normal;margin-top:18px;\">Magazines<\/h3><\/div><div class=\"uvc-heading-spacer line_only\" style=\"topheight:2px;\"><span class=\"uvc-headings-line\" style=\"border-style:solid;border-bottom-width:2px;border-color:#07a1e2;width:75px;\"><\/span><\/div><\/div>[vc_empty_space height=&#8220;45px&#8220;]<div id=\"ultimate-heading-337469ee1bb5cd79e\" class=\"uvc-heading ult-adjust-bottom-margin ultimate-heading-337469ee1bb5cd79e uvc-2620 ts-headline ts-line-left\" data-hspacer=\"line_only\"  data-halign=\"left\" style=\"text-align:left\"><div class=\"uvc-main-heading ult-responsive\"  data-ultimate-target='.uvc-heading.ultimate-heading-337469ee1bb5cd79e h3'  data-responsive-json-new='{\"font-size\":\"\",\"line-height\":\"\"}' ><h3 style=\"font-weight:normal;margin-top:18px;\">Catalogues<\/h3><\/div><div class=\"uvc-heading-spacer line_only\" style=\"topheight:2px;\"><span class=\"uvc-headings-line\" style=\"border-style:solid;border-bottom-width:2px;border-color:#07a1e2;width:75px;\"><\/span><\/div><\/div>[vc_empty_space height=&#8220;45px&#8220;]<div id=\"ultimate-heading-183969ee1bb5cd7be\" class=\"uvc-heading ult-adjust-bottom-margin ultimate-heading-183969ee1bb5cd7be uvc-7587 ts-headline ts-line-left\" data-hspacer=\"line_only\"  data-halign=\"left\" style=\"text-align:left\"><div class=\"uvc-main-heading ult-responsive\"  data-ultimate-target='.uvc-heading.ultimate-heading-183969ee1bb5cd7be h3'  data-responsive-json-new='{\"font-size\":\"\",\"line-height\":\"\"}' ><h3 style=\"font-weight:normal;margin-top:18px;\">Brochures<\/h3><\/div><div class=\"uvc-heading-spacer line_only\" style=\"topheight:2px;\"><span class=\"uvc-headings-line\" style=\"border-style:solid;border-bottom-width:2px;border-color:#07a1e2;width:75px;\"><\/span><\/div><\/div>[vc_empty_space height=&#8220;45px&#8220;]<div id=\"ultimate-heading-380269ee1bb5cd7df\" class=\"uvc-heading ult-adjust-bottom-margin ultimate-heading-380269ee1bb5cd7df uvc-5293 ts-headline ts-line-left\" data-hspacer=\"line_only\"  data-halign=\"left\" style=\"text-align:left\"><div class=\"uvc-main-heading ult-responsive\"  data-ultimate-target='.uvc-heading.ultimate-heading-380269ee1bb5cd7df h3'  data-responsive-json-new='{\"font-size\":\"\",\"line-height\":\"\"}' ><h3 style=\"font-weight:normal;margin-top:18px;\">Supplements<\/h3><\/div><div class=\"uvc-heading-spacer line_only\" style=\"topheight:2px;\"><span class=\"uvc-headings-line\" style=\"border-style:solid;border-bottom-width:2px;border-color:#07a1e2;width:75px;\"><\/span><\/div><\/div>[vc_empty_space height=&#8220;45px&#8220;][vc_column_text]<\/p>\n<h2>for over 4800 retailers, publishers and brand owners in 38 countries.<\/h2>\n<p>[\/vc_column_text][\/vc_column][\/vc_row][vc_row][vc_column][\/vc_column][\/vc_row]<\/p>\n","protected":false},"excerpt":{"rendered":"<p>[vc_row][vc_column][vc_empty_space height=&#8220;125px&#8220;][vc_empty_space height=&#8220;80px&#8220;][vc_empty_space height=&#8220;40px&#8220;][\/vc_column][\/vc_row][vc_row][vc_column width=&#8220;1\/2&#8243;][vc_single_image image=&#8220;12592&#8243; img_size=&#8220;full&#8220;][\/vc_column][vc_column width=&#8220;1\/2&#8243;][vc_empty_space height=&#8220;45px&#8220; el_class=&#8220;ts-hide-desktop&#8220;][vc_empty_space height=&#8220;45px&#8220;][vc_empty_space height=&#8220;45px&#8220;][vc_empty_space height=&#8220;45px&#8220;][vc_empty_space height=&#8220;45px&#8220;][vc_empty_space height=&#8220;45px&#8220;][vc_column_text] for over 4800 retailers, publishers and brand owners in 38 countries. [\/vc_column_text][\/vc_column][\/vc_row][vc_row][vc_column][\/vc_column][\/vc_row]<\/p>\n","protected":false},"author":1,"featured_media":12486,"parent":0,"menu_order":0,"comment_status":"closed","ping_status":"closed","template":"","meta":{"footnotes":""},"categories":[1],"tags":[],"class_list":["post-13225","page","type-page","status-publish","has-post-thumbnail","hentry","category-group-facts"],"yoast_head":"<!-- This site is optimized with the Yoast SEO plugin v27.4 - https:\/\/yoast.com\/product\/yoast-seo-wordpress\/ -->\n<title>Walstead Group - high volume commercial web-offset printing<\/title>\n<meta name=\"description\" content=\"Walstead specialises in printing high volume advertising flyers and leaflets, magazines, catalogues, supplements and brochures for over 4,800 retailers, publishers and brand owners in 38 countries\" \/>\n<meta name=\"robots\" content=\"index, follow, max-snippet:-1, max-image-preview:large, max-video-preview:-1\" \/>\n<link rel=\"canonical\" href=\"https:\/\/www.walstead-group.com\/products\/\" \/>\n<meta property=\"og:locale\" content=\"cs_CZ\" \/>\n<meta property=\"og:type\" content=\"article\" \/>\n<meta property=\"og:title\" content=\"Walstead Group - high volume commercial web-offset printing\" \/>\n<meta property=\"og:description\" content=\"Walstead specialises in printing high volume advertising flyers and leaflets, magazines, catalogues, supplements and brochures for over 4,800 retailers, publishers and brand owners in 38 countries\" \/>\n<meta property=\"og:url\" content=\"https:\/\/www.walstead-group.com\/products\/\" \/>\n<meta property=\"og:site_name\" content=\"Walstead Group\" \/>\n<meta property=\"article:modified_time\" content=\"2019-04-09T08:57:16+00:00\" \/>\n<meta property=\"og:image\" content=\"https:\/\/walsteadgroup.s3.eu-west-1.amazonaws.com\/wp-content\/uploads\/2017\/04\/09111618\/H48-Papierbahn-1-683x1024.jpg\" \/>\n\t<meta property=\"og:image:width\" content=\"683\" \/>\n\t<meta property=\"og:image:height\" content=\"1024\" \/>\n\t<meta property=\"og:image:type\" content=\"image\/jpeg\" \/>\n<meta name=\"twitter:card\" content=\"summary_large_image\" \/>\n<meta name=\"twitter:label1\" content=\"Odhadovan\u00e1 doba \u010dten\u00ed\" \/>\n\t<meta name=\"twitter:data1\" content=\"2 minuty\" \/>\n<script type=\"application\/ld+json\" class=\"yoast-schema-graph\">{\"@context\":\"https:\\\/\\\/schema.org\",\"@graph\":[{\"@type\":\"WebPage\",\"@id\":\"https:\\\/\\\/www.walstead-group.com\\\/products\\\/\",\"url\":\"https:\\\/\\\/www.walstead-group.com\\\/products\\\/\",\"name\":\"Walstead Group - high volume commercial web-offset printing\",\"isPartOf\":{\"@id\":\"https:\\\/\\\/www.walstead-group.com\\\/#website\"},\"primaryImageOfPage\":{\"@id\":\"https:\\\/\\\/www.walstead-group.com\\\/products\\\/#primaryimage\"},\"image\":{\"@id\":\"https:\\\/\\\/www.walstead-group.com\\\/products\\\/#primaryimage\"},\"thumbnailUrl\":\"https:\\\/\\\/www.walstead-group.com\\\/wp-content\\\/uploads\\\/2017\\\/04\\\/H48-Papierbahn-1.jpg\",\"datePublished\":\"2017-07-12T08:18:01+00:00\",\"dateModified\":\"2019-04-09T08:57:16+00:00\",\"description\":\"Walstead specialises in printing high volume advertising flyers and leaflets, magazines, catalogues, supplements and brochures for over 4,800 retailers, publishers and brand owners in 38 countries\",\"breadcrumb\":{\"@id\":\"https:\\\/\\\/www.walstead-group.com\\\/products\\\/#breadcrumb\"},\"inLanguage\":\"cs\",\"potentialAction\":[{\"@type\":\"ReadAction\",\"target\":[\"https:\\\/\\\/www.walstead-group.com\\\/products\\\/\"]}]},{\"@type\":\"ImageObject\",\"inLanguage\":\"cs\",\"@id\":\"https:\\\/\\\/www.walstead-group.com\\\/products\\\/#primaryimage\",\"url\":\"https:\\\/\\\/www.walstead-group.com\\\/wp-content\\\/uploads\\\/2017\\\/04\\\/H48-Papierbahn-1.jpg\",\"contentUrl\":\"https:\\\/\\\/www.walstead-group.com\\\/wp-content\\\/uploads\\\/2017\\\/04\\\/H48-Papierbahn-1.jpg\",\"width\":2304,\"height\":3456,\"caption\":\"Walstead Group - Print Business History\"},{\"@type\":\"BreadcrumbList\",\"@id\":\"https:\\\/\\\/www.walstead-group.com\\\/products\\\/#breadcrumb\",\"itemListElement\":[{\"@type\":\"ListItem\",\"position\":1,\"name\":\"Startseite\",\"item\":\"https:\\\/\\\/www.walstead-group.com\\\/\"},{\"@type\":\"ListItem\",\"position\":2,\"name\":\"Products\"}]},{\"@type\":\"WebSite\",\"@id\":\"https:\\\/\\\/www.walstead-group.com\\\/#website\",\"url\":\"https:\\\/\\\/www.walstead-group.com\\\/\",\"name\":\"Walstead Group\",\"description\":\"(English) Web offset printing for Europe\",\"potentialAction\":[{\"@type\":\"SearchAction\",\"target\":{\"@type\":\"EntryPoint\",\"urlTemplate\":\"https:\\\/\\\/www.walstead-group.com\\\/?s={search_term_string}\"},\"query-input\":{\"@type\":\"PropertyValueSpecification\",\"valueRequired\":true,\"valueName\":\"search_term_string\"}}],\"inLanguage\":\"cs\"}]}<\/script>\n<!-- \/ Yoast SEO plugin. -->","yoast_head_json":{"title":"Walstead Group - high volume commercial web-offset printing","description":"Walstead specialises in printing high volume advertising flyers and leaflets, magazines, catalogues, supplements and brochures for over 4,800 retailers, publishers and brand owners in 38 countries","robots":{"index":"index","follow":"follow","max-snippet":"max-snippet:-1","max-image-preview":"max-image-preview:large","max-video-preview":"max-video-preview:-1"},"canonical":"https:\/\/www.walstead-group.com\/products\/","og_locale":"cs_CZ","og_type":"article","og_title":"Walstead Group - high volume commercial web-offset printing","og_description":"Walstead specialises in printing high volume advertising flyers and leaflets, magazines, catalogues, supplements and brochures for over 4,800 retailers, publishers and brand owners in 38 countries","og_url":"https:\/\/www.walstead-group.com\/products\/","og_site_name":"Walstead Group","article_modified_time":"2019-04-09T08:57:16+00:00","og_image":[{"width":683,"height":1024,"url":"https:\/\/walsteadgroup.s3.eu-west-1.amazonaws.com\/wp-content\/uploads\/2017\/04\/09111618\/H48-Papierbahn-1-683x1024.jpg","type":"image\/jpeg"}],"twitter_card":"summary_large_image","twitter_misc":{"Odhadovan\u00e1 doba \u010dten\u00ed":"2 minuty"},"schema":{"@context":"https:\/\/schema.org","@graph":[{"@type":"WebPage","@id":"https:\/\/www.walstead-group.com\/products\/","url":"https:\/\/www.walstead-group.com\/products\/","name":"Walstead Group - high volume commercial web-offset printing","isPartOf":{"@id":"https:\/\/www.walstead-group.com\/#website"},"primaryImageOfPage":{"@id":"https:\/\/www.walstead-group.com\/products\/#primaryimage"},"image":{"@id":"https:\/\/www.walstead-group.com\/products\/#primaryimage"},"thumbnailUrl":"https:\/\/www.walstead-group.com\/wp-content\/uploads\/2017\/04\/H48-Papierbahn-1.jpg","datePublished":"2017-07-12T08:18:01+00:00","dateModified":"2019-04-09T08:57:16+00:00","description":"Walstead specialises in printing high volume advertising flyers and leaflets, magazines, catalogues, supplements and brochures for over 4,800 retailers, publishers and brand owners in 38 countries","breadcrumb":{"@id":"https:\/\/www.walstead-group.com\/products\/#breadcrumb"},"inLanguage":"cs","potentialAction":[{"@type":"ReadAction","target":["https:\/\/www.walstead-group.com\/products\/"]}]},{"@type":"ImageObject","inLanguage":"cs","@id":"https:\/\/www.walstead-group.com\/products\/#primaryimage","url":"https:\/\/www.walstead-group.com\/wp-content\/uploads\/2017\/04\/H48-Papierbahn-1.jpg","contentUrl":"https:\/\/www.walstead-group.com\/wp-content\/uploads\/2017\/04\/H48-Papierbahn-1.jpg","width":2304,"height":3456,"caption":"Walstead Group - Print Business History"},{"@type":"BreadcrumbList","@id":"https:\/\/www.walstead-group.com\/products\/#breadcrumb","itemListElement":[{"@type":"ListItem","position":1,"name":"Startseite","item":"https:\/\/www.walstead-group.com\/"},{"@type":"ListItem","position":2,"name":"Products"}]},{"@type":"WebSite","@id":"https:\/\/www.walstead-group.com\/#website","url":"https:\/\/www.walstead-group.com\/","name":"Walstead Group","description":"(English) Web offset printing for Europe","potentialAction":[{"@type":"SearchAction","target":{"@type":"EntryPoint","urlTemplate":"https:\/\/www.walstead-group.com\/?s={search_term_string}"},"query-input":{"@type":"PropertyValueSpecification","valueRequired":true,"valueName":"search_term_string"}}],"inLanguage":"cs"}]}},"_links":{"self":[{"href":"https:\/\/www.walstead-group.com\/cs\/wp-json\/wp\/v2\/pages\/13225","targetHints":{"allow":["GET"]}}],"collection":[{"href":"https:\/\/www.walstead-group.com\/cs\/wp-json\/wp\/v2\/pages"}],"about":[{"href":"https:\/\/www.walstead-group.com\/cs\/wp-json\/wp\/v2\/types\/page"}],"author":[{"embeddable":true,"href":"https:\/\/www.walstead-group.com\/cs\/wp-json\/wp\/v2\/users\/1"}],"replies":[{"embeddable":true,"href":"https:\/\/www.walstead-group.com\/cs\/wp-json\/wp\/v2\/comments?post=13225"}],"version-history":[{"count":0,"href":"https:\/\/www.walstead-group.com\/cs\/wp-json\/wp\/v2\/pages\/13225\/revisions"}],"wp:featuredmedia":[{"embeddable":true,"href":"https:\/\/www.walstead-group.com\/cs\/wp-json\/wp\/v2\/media\/12486"}],"wp:attachment":[{"href":"https:\/\/www.walstead-group.com\/cs\/wp-json\/wp\/v2\/media?parent=13225"}],"wp:term":[{"taxonomy":"category","embeddable":true,"href":"https:\/\/www.walstead-group.com\/cs\/wp-json\/wp\/v2\/categories?post=13225"},{"taxonomy":"post_tag","embeddable":true,"href":"https:\/\/www.walstead-group.com\/cs\/wp-json\/wp\/v2\/tags?post=13225"}],"curies":[{"name":"wp","href":"https:\/\/api.w.org\/{rel}","templated":true}]}}