{"id":13725,"date":"2017-09-06T14:18:17","date_gmt":"2017-09-06T13:18:17","guid":{"rendered":"https:\/\/walsteadgroup.wpengine.com\/?page_id=13725"},"modified":"2025-09-04T14:04:22","modified_gmt":"2025-09-04T13:04:22","slug":"companies","status":"publish","type":"page","link":"https:\/\/www.walstead-group.com\/sk\/companies\/","title":{"rendered":"(English) Companies"},"content":{"rendered":"<p><\/p>\n<p>[vc_row][\/vc_row][vc_column][\/vc_column][vc_empty_space height=&#8220;125&#8243;]<div class=\" size-lg alignCenter clearfix\"><h1 class=\"main-title title uppercase normal-title size-lg alignCenter line-style1 \"   >Companies <span class=\"line\"><\/span><\/h1><\/div>[vc_row][vc_column][vc_empty_space]<div class=\" size-sm clearfix\"><h2 class=\"main-title title uppercase normal-title size-sm line-style1 \"   >UK <span class=\"line\"><\/span><\/h2><\/div>[\/vc_column][\/vc_row][vc_row el_class=&#8220;ts-companies ts-companies2&#8243;][vc_column width=&#8220;1\/4&#8243;][vc_column_text]<span class=\"extended-address\"><strong>Walstead United Kingdom<\/strong><br \/>\nSales office<br \/>\n18 Westside Centre, London Road<br \/>\nColchester CO3 8PH<br \/>\nUnited Kingdom<\/span><\/p>\n<p><a href=\"http:\/\/www.walstead-uk.com\" target=\"_blank\" rel=\"noopener noreferrer\">www.walstead-uk.com<\/a>[\/vc_column_text][\/vc_column][vc_column width=&#8220;1\/4&#8243;][vc_column_text]<span class=\"extended-address\"><strong>Walstead Bicester Ltd<\/strong><br \/>\n<\/span><span class=\"extended-address\">Chaucer Business Park<br \/>\n<\/span><span class=\"extended-address\">Launton Road<br \/>\nBicester OX26 4QZ<br \/>\n<\/span>United Kingdom<\/p>\n<p><a href=\"http:\/\/www.walstead-uk.com\/\" target=\"_blank\" rel=\"noopener noreferrer\">www.walstead-uk.com<\/a>[\/vc_column_text][\/vc_column][vc_column width=&#8220;1\/4&#8243;][vc_column_text]<span class=\"extended-address\"><strong>Walstead Binders Ltd<\/strong><br \/>\n3 Boston Road<br \/>\n<\/span><span class=\"extended-address\">Leicester LU4 1AQ<br \/>\n<\/span>United Kingdom<\/p>\n<p><a href=\"http:\/\/www.walstead-uk.com\/\" target=\"_blank\" rel=\"noopener noreferrer\">www.walstead-uk.com<\/a>[\/vc_column_text][\/vc_column][\/vc_row][vc_row el_class=&#8220;ts-companies ts-companies2&#8243;][vc_column width=&#8220;1\/4&#8243;][vc_column_text]<span class=\"extended-address\"><strong>Walstead Peterborough Ltd<\/strong><br \/>\nStoreys Bar Road<br \/>\n<span class=\"locality\">Peterborough\u00a0<span class=\"postal-code\">PE1 5YS<\/span><\/span><br \/>\nUnited Kingdom<\/span><\/p>\n<p><a href=\"http:\/\/www.walstead-uk.com\" target=\"_blank\" rel=\"noopener noreferrer\">www.walstead-uk.com<\/a>[\/vc_column_text][\/vc_column][vc_column width=&#8220;1\/4&#8243;][vc_column_text]<span class=\"extended-address\"><strong>Walstead Roche Ltd<\/strong><br \/>\nVictoria Business Park<br \/>\n<span class=\"locality\">Roche<br \/>\n<\/span><\/span><span class=\"extended-address\"><span class=\"region\">St Austell\u00a0<span class=\"locality\"><span class=\"postal-code\">PL26 8LX<\/span><\/span><\/span><br \/>\nUnited Kingdom<\/span><\/p>\n<p><a href=\"http:\/\/www.walstead-uk.com\/\" target=\"_blank\" rel=\"noopener noreferrer\">www.walstead-uk.com<\/a>[\/vc_column_text][\/vc_column][vc_column width=&#8220;1\/4&#8243;][vc_column_text]<span class=\"extended-address\"><strong>Rhapsody Ltd\u00a0<\/strong><br \/>\nLondon Office <\/span><br \/>\n109 &#8211; 123 Clifton Street<br \/>\n<span class=\"locality\">London\u00a0EC2A 4LD<br \/>\nUnited Kingdom<\/span><\/p>\n<p><a href=\"https:\/\/www.rhapsodymedia.com\" target=\"_blank\" rel=\"noopener noreferrer\">www.rhapsodymedia.com<\/a>[\/vc_column_text][\/vc_column][\/vc_row][vc_row][vc_column][vc_empty_space]<div class=\" size-sm clearfix\"><h2 class=\"main-title title uppercase normal-title size-sm line-style1 \"   >Spain <span class=\"line\"><\/span><\/h2><\/div>[\/vc_column][\/vc_row][vc_row el_class=&#8220;ts-companies ts-companies2&#8243;][vc_column width=&#8220;1\/4&#8243;][vc_column_text]<strong>Rotocobrhi,\u00a0<\/strong><strong>S.A.U.<br \/>\n<\/strong>Ronda de Valdecarrizo, 13<br \/>\n<u><\/u>28760 Tres Cantos<br \/>\nSpain<\/p>\n<p><a href=\"http:\/\/www.rotocobrhi.eurohueco.es\/\" target=\"_blank\" rel=\"noopener noreferrer\">www.rotocobrhi.eurohueco.es<\/a>[\/vc_column_text][\/vc_column][vc_column width=&#8220;1\/4&#8243;][vc_column_text]<strong>Eurohueco, S.A.<\/strong><br \/>\nArea Industrial del Llobregat<br \/>\nCobalt 1-5<br \/>\n08755 Castellbisbal (Barcelona)<br \/>\nSpain<\/p>\n<p><a href=\"http:\/\/www.rotocobrhi.eurohueco.es\/\" target=\"_blank\" rel=\"noopener noreferrer\">www.rotocobrhi.eurohueco.es<\/a>[\/vc_column_text][\/vc_column][vc_column width=&#8220;1\/4&#8243;][vc_column_text]<strong>Rhapsody Madrid <\/strong><br \/>\nRonda de Valdecarrizo, 4<br \/>\n28760 Tres Cantos<br \/>\nSpain<\/p>\n<p><a href=\"http:\/\/www.rotocobrhi.eurohueco.es\/\" target=\"_blank\" rel=\"noopener noreferrer\">www.rotocobrhi.eurohueco.es<\/a>[\/vc_column_text][\/vc_column][vc_column width=&#8220;1\/4&#8243;][\/vc_column][\/vc_row][vc_row][vc_column][vc_empty_space]<div class=\" size-sm clearfix\"><h2 class=\"main-title title uppercase normal-title size-sm line-style1 \"   >Austria, Slovenia &amp; Czech Republic <span class=\"line\"><\/span><\/h2><\/div>[\/vc_column][\/vc_row][vc_row el_class=&#8220;ts-companies&#8220;][vc_column width=&#8220;1\/4&#8243;][vc_column_text]<strong>Let&#8217;s Print Holding AG<br \/>\nLeykam Druck GmbH &amp; Co KG<\/strong><br \/>\nBickfordstra\u00dfe 21<br \/>\n7201 Neud\u00f6rfl<br \/>\nAustria<\/p>\n<p><a href=\"http:\/\/www.leykamletsprint.com\" target=\"_blank\" rel=\"noopener noreferrer\">www.leykamletsprint.com<\/a>[\/vc_column_text][\/vc_column][vc_column width=&#8220;1\/4&#8243;][vc_column_text]<strong>MORAVIAPRESS s.r.o.<br \/>\n<\/strong>U P\u00f3ny 3061<br \/>\n690 02 B\u0159eclav<br \/>\nCzech Republic<\/p>\n<p><a href=\"http:\/\/www.leykamletsprint.com\" target=\"_blank\" rel=\"noopener noreferrer\">www.moraviapress.cz<\/a>[\/vc_column_text][\/vc_column][vc_column width=&#8220;1\/4&#8243;][vc_column_text]<strong>Leykam tiskarna d.o.o<br \/>\n<\/strong>Miklav\u0161ka cesta 61<br \/>\n2311 Ho\u010de<br \/>\nSlovenia<\/p>\n<p><a href=\"http:\/\/www.leykam.si\" target=\"_blank\" rel=\"noopener noreferrer\">www.leykam.si<\/a>[\/vc_column_text][\/vc_column][vc_column width=&#8220;1\/4&#8243;][vc_column_text]<strong>NP Druck<br \/>\nGesellschaft mbH<\/strong><br \/>\nGutenbergstrasse 12<br \/>\nA-3100 St. Poelten<br \/>\nAustria<\/p>\n<p><a href=\"http:\/\/www.np-druck.at\" target=\"_blank\" rel=\"noopener noreferrer\">www.np-druck.at<\/a>[\/vc_column_text][\/vc_column][\/vc_row][vc_row][vc_column][vc_empty_space]<div class=\" size-sm clearfix\"><h2 class=\"main-title title uppercase normal-title size-sm line-style1 \"   >POLAND <span class=\"line\"><\/span><\/h2><\/div>[\/vc_column][\/vc_row][vc_row el_class=&#8220;ts-companies&#8220;][vc_column width=&#8220;1\/4&#8243;][vc_column_text]<strong>Walstead Krak\u00f3w Podg\u00f3rze <\/strong><br \/>\nul. Obro\u0144c\u00f3w Modlina 11<br \/>\n30-733 Krak\u00f3w<br \/>\nPoland<\/p>\n<p><a href=\"https:\/\/www.walstead-ce.com\/en\/home\/\">www.walstead-ce.com<\/a>[\/vc_column_text][\/vc_column][vc_column width=&#8220;1\/4&#8243;][vc_column_text]<strong>Walstead Krak\u00f3w Nowa Huta<\/strong><br \/>\nul. Igo\u0142omska 25<br \/>\n31-983 Krak\u00f3w<br \/>\nPoland<\/p>\n<p><a href=\"https:\/\/www.walstead-ce.com\/en\/home\/\">www.walstead-ce.com<\/a>[\/vc_column_text][\/vc_column][vc_column width=&#8220;1\/4&#8243;][vc_column_text]<strong>Walstead Starachowice<\/strong><br \/>\nul. Bema 2c<br \/>\n27-200 Starachowice<br \/>\nPoland<\/p>\n<p><a href=\"https:\/\/www.walstead-ce.com\/en\/home\/\">www.walstead-ce.com<\/a>[\/vc_column_text][\/vc_column][vc_column width=&#8220;1\/4&#8243;][vc_column_text]<strong>Rhapsody Warsaw <\/strong><br \/>\nal. Armii Ludowej 14<br \/>\n00-638 Warszawa<br \/>\nPoland<\/p>\n<p><a href=\"https:\/\/www.rhapsodymedia.com\/\">www.rhapsodymedia.com<\/a>[\/vc_column_text][\/vc_column][\/vc_row]<\/p>\n<p><\/p>","protected":false},"excerpt":{"rendered":"<p>[vc_row][\/vc_row][vc_column][\/vc_column][vc_empty_space height=&#8220;125&#8243;][vc_row][vc_column][vc_empty_space][\/vc_column][\/vc_row][vc_row el_class=&#8220;ts-companies ts-companies2&#8243;][vc_column width=&#8220;1\/4&#8243;][vc_column_text]Walstead United Kingdom Sales office 18 Westside Centre, London Road Colchester CO3 8PH United Kingdom www.walstead-uk.com[\/vc_column_text][\/vc_column][vc_column width=&#8220;1\/4&#8243;][vc_column_text]Walstead Bicester Ltd Chaucer Business Park Launton Road Bicester OX26 4QZ United Kingdom www.walstead-uk.com[\/vc_column_text][\/vc_column][vc_column width=&#8220;1\/4&#8243;][vc_column_text]Walstead Binders Ltd 3 Boston Road&#8230;<\/p>\n","protected":false},"author":1,"featured_media":0,"parent":0,"menu_order":0,"comment_status":"closed","ping_status":"closed","template":"","meta":{"footnotes":""},"categories":[],"tags":[],"class_list":["post-13725","page","type-page","status-publish","hentry"],"yoast_head":"<!-- This site is optimized with the Yoast SEO plugin v27.3 - https:\/\/yoast.com\/product\/yoast-seo-wordpress\/ -->\n<title>(English) Companies - Walstead Group<\/title>\n<meta name=\"description\" content=\"(English) Wyndeham Bicester, Binders, Grange, Peterborough, Roche, Southernprint. Walstead Eurohueco, Walstead Rotocobrhi, Leykam Let&#039;s Print, MoraviaPress, Tiskarna, NP Druck\" \/>\n<meta name=\"robots\" content=\"index, follow, max-snippet:-1, max-image-preview:large, max-video-preview:-1\" \/>\n<link rel=\"canonical\" href=\"https:\/\/www.walstead-group.com\/companies\/\" \/>\n<meta property=\"og:locale\" content=\"sk_SK\" \/>\n<meta property=\"og:type\" content=\"article\" \/>\n<meta property=\"og:title\" content=\"(English) Companies - Walstead Group\" \/>\n<meta property=\"og:description\" content=\"{:en}Wyndeham Bicester, Binders, Grange, Peterborough, Roche, Southernprint. Walstead Eurohueco, Walstead Rotocobrhi, Leykam Let&#039;s Print, MoraviaPress, Tiskarna, NP Druck{:}\" \/>\n<meta property=\"og:url\" content=\"https:\/\/www.walstead-group.com\/companies\/\" \/>\n<meta property=\"og:site_name\" content=\"Walstead Group\" \/>\n<meta property=\"article:modified_time\" content=\"2025-09-04T13:04:22+00:00\" \/>\n<meta name=\"twitter:card\" content=\"summary_large_image\" \/>\n<meta name=\"twitter:label1\" content=\"Predpokladan\u00fd \u010das \u010d\u00edtania\" \/>\n\t<meta name=\"twitter:data1\" content=\"1 min\u00fata\" \/>\n<script type=\"application\/ld+json\" class=\"yoast-schema-graph\">{\"@context\":\"https:\\\/\\\/schema.org\",\"@graph\":[{\"@type\":\"WebPage\",\"@id\":\"https:\\\/\\\/www.walstead-group.com\\\/companies\\\/\",\"url\":\"https:\\\/\\\/www.walstead-group.com\\\/companies\\\/\",\"name\":\"(English) Companies - Walstead Group\",\"isPartOf\":{\"@id\":\"https:\\\/\\\/www.walstead-group.com\\\/#website\"},\"datePublished\":\"2017-09-06T13:18:17+00:00\",\"dateModified\":\"2025-09-04T13:04:22+00:00\",\"description\":\"{:en}Wyndeham Bicester, Binders, Grange, Peterborough, Roche, Southernprint. Walstead Eurohueco, Walstead Rotocobrhi, Leykam Let's Print, MoraviaPress, Tiskarna, NP Druck{:}\",\"breadcrumb\":{\"@id\":\"https:\\\/\\\/www.walstead-group.com\\\/companies\\\/#breadcrumb\"},\"inLanguage\":\"sk-SK\",\"potentialAction\":[{\"@type\":\"ReadAction\",\"target\":[\"https:\\\/\\\/www.walstead-group.com\\\/companies\\\/\"]}]},{\"@type\":\"BreadcrumbList\",\"@id\":\"https:\\\/\\\/www.walstead-group.com\\\/companies\\\/#breadcrumb\",\"itemListElement\":[{\"@type\":\"ListItem\",\"position\":1,\"name\":\"Startseite\",\"item\":\"https:\\\/\\\/www.walstead-group.com\\\/\"},{\"@type\":\"ListItem\",\"position\":2,\"name\":\"Companies\"}]},{\"@type\":\"WebSite\",\"@id\":\"https:\\\/\\\/www.walstead-group.com\\\/#website\",\"url\":\"https:\\\/\\\/www.walstead-group.com\\\/\",\"name\":\"Walstead Group\",\"description\":\"(English) Web offset printing for Europe\",\"potentialAction\":[{\"@type\":\"SearchAction\",\"target\":{\"@type\":\"EntryPoint\",\"urlTemplate\":\"https:\\\/\\\/www.walstead-group.com\\\/?s={search_term_string}\"},\"query-input\":{\"@type\":\"PropertyValueSpecification\",\"valueRequired\":true,\"valueName\":\"search_term_string\"}}],\"inLanguage\":\"sk-SK\"}]}<\/script>\n<!-- \/ Yoast SEO plugin. -->","yoast_head_json":{"title":"(English) Companies - Walstead Group","description":"(English) Wyndeham Bicester, Binders, Grange, Peterborough, Roche, Southernprint. Walstead Eurohueco, Walstead Rotocobrhi, Leykam Let's Print, MoraviaPress, Tiskarna, NP Druck","robots":{"index":"index","follow":"follow","max-snippet":"max-snippet:-1","max-image-preview":"max-image-preview:large","max-video-preview":"max-video-preview:-1"},"canonical":"https:\/\/www.walstead-group.com\/companies\/","og_locale":"sk_SK","og_type":"article","og_title":"(English) Companies - Walstead Group","og_description":"{:en}Wyndeham Bicester, Binders, Grange, Peterborough, Roche, Southernprint. Walstead Eurohueco, Walstead Rotocobrhi, Leykam Let's Print, MoraviaPress, Tiskarna, NP Druck{:}","og_url":"https:\/\/www.walstead-group.com\/companies\/","og_site_name":"Walstead Group","article_modified_time":"2025-09-04T13:04:22+00:00","twitter_card":"summary_large_image","twitter_misc":{"Predpokladan\u00fd \u010das \u010d\u00edtania":"1 min\u00fata"},"schema":{"@context":"https:\/\/schema.org","@graph":[{"@type":"WebPage","@id":"https:\/\/www.walstead-group.com\/companies\/","url":"https:\/\/www.walstead-group.com\/companies\/","name":"(English) Companies - Walstead Group","isPartOf":{"@id":"https:\/\/www.walstead-group.com\/#website"},"datePublished":"2017-09-06T13:18:17+00:00","dateModified":"2025-09-04T13:04:22+00:00","description":"{:en}Wyndeham Bicester, Binders, Grange, Peterborough, Roche, Southernprint. Walstead Eurohueco, Walstead Rotocobrhi, Leykam Let's Print, MoraviaPress, Tiskarna, NP Druck{:}","breadcrumb":{"@id":"https:\/\/www.walstead-group.com\/companies\/#breadcrumb"},"inLanguage":"sk-SK","potentialAction":[{"@type":"ReadAction","target":["https:\/\/www.walstead-group.com\/companies\/"]}]},{"@type":"BreadcrumbList","@id":"https:\/\/www.walstead-group.com\/companies\/#breadcrumb","itemListElement":[{"@type":"ListItem","position":1,"name":"Startseite","item":"https:\/\/www.walstead-group.com\/"},{"@type":"ListItem","position":2,"name":"Companies"}]},{"@type":"WebSite","@id":"https:\/\/www.walstead-group.com\/#website","url":"https:\/\/www.walstead-group.com\/","name":"Walstead Group","description":"(English) Web offset printing for Europe","potentialAction":[{"@type":"SearchAction","target":{"@type":"EntryPoint","urlTemplate":"https:\/\/www.walstead-group.com\/?s={search_term_string}"},"query-input":{"@type":"PropertyValueSpecification","valueRequired":true,"valueName":"search_term_string"}}],"inLanguage":"sk-SK"}]}},"_links":{"self":[{"href":"https:\/\/www.walstead-group.com\/sk\/wp-json\/wp\/v2\/pages\/13725","targetHints":{"allow":["GET"]}}],"collection":[{"href":"https:\/\/www.walstead-group.com\/sk\/wp-json\/wp\/v2\/pages"}],"about":[{"href":"https:\/\/www.walstead-group.com\/sk\/wp-json\/wp\/v2\/types\/page"}],"author":[{"embeddable":true,"href":"https:\/\/www.walstead-group.com\/sk\/wp-json\/wp\/v2\/users\/1"}],"replies":[{"embeddable":true,"href":"https:\/\/www.walstead-group.com\/sk\/wp-json\/wp\/v2\/comments?post=13725"}],"version-history":[{"count":0,"href":"https:\/\/www.walstead-group.com\/sk\/wp-json\/wp\/v2\/pages\/13725\/revisions"}],"wp:attachment":[{"href":"https:\/\/www.walstead-group.com\/sk\/wp-json\/wp\/v2\/media?parent=13725"}],"wp:term":[{"taxonomy":"category","embeddable":true,"href":"https:\/\/www.walstead-group.com\/sk\/wp-json\/wp\/v2\/categories?post=13725"},{"taxonomy":"post_tag","embeddable":true,"href":"https:\/\/www.walstead-group.com\/sk\/wp-json\/wp\/v2\/tags?post=13725"}],"curies":[{"name":"wp","href":"https:\/\/api.w.org\/{rel}","templated":true}]}}